{"id":4531,"date":"2020-05-19T16:48:43","date_gmt":"2020-05-19T14:48:43","guid":{"rendered":"https:\/\/apavoshoes.com\/cart\/"},"modified":"2025-07-13T22:30:35","modified_gmt":"2025-07-13T20:30:35","slug":"cart","status":"publish","type":"page","link":"https:\/\/apavoshoes.com\/en\/cart\/","title":{"rendered":"Cart"},"content":{"rendered":"\n<div data-block-name=\"woocommerce\/cart\" class=\"wp-block-woocommerce-cart alignwide is-loading\">\n<div data-block-name=\"woocommerce\/filled-cart-block\" class=\"wp-block-woocommerce-filled-cart-block\">\n<div data-block-name=\"woocommerce\/cart-items-block\" class=\"wp-block-woocommerce-cart-items-block\">\n<div data-block-name=\"woocommerce\/cart-line-items-block\" class=\"wp-block-woocommerce-cart-line-items-block\"><\/div>\n\n\n\n<div data-block-name=\"woocommerce\/cart-cross-sells-block\" class=\"wp-block-woocommerce-cart-cross-sells-block\">\n<h2 class=\"wp-block-heading has-large-font-size\">You may be interested in\u2026<\/h2>\n\n\n\n<div data-block-name=\"woocommerce\/cart-cross-sells-products-block\" class=\"wp-block-woocommerce-cart-cross-sells-products-block\"><\/div>\n<\/div>\n<\/div>\n\n\n\n<div data-block-name=\"woocommerce\/cart-totals-block\" class=\"wp-block-woocommerce-cart-totals-block\">\n<div data-block-name=\"woocommerce\/cart-order-summary-block\" class=\"wp-block-woocommerce-cart-order-summary-block\">\n<div data-block-name=\"woocommerce\/cart-order-summary-heading-block\" class=\"wp-block-woocommerce-cart-order-summary-heading-block\"><\/div><div data-block-name=\"woocommerce\/cart-order-summary-coupon-form-block\" class=\"wp-block-woocommerce-cart-order-summary-coupon-form-block\"><\/div><div data-block-name=\"woocommerce\/cart-order-summary-totals-block\" class=\"wp-block-woocommerce-cart-order-summary-totals-block\">\n<div data-block-name=\"woocommerce\/cart-order-summary-subtotal-block\" class=\"wp-block-woocommerce-cart-order-summary-subtotal-block\"><\/div>\n<div data-block-name=\"woocommerce\/cart-order-summary-discount-block\" class=\"wp-block-woocommerce-cart-order-summary-discount-block\"><\/div>\n<div data-block-name=\"woocommerce\/cart-order-summary-fee-block\" class=\"wp-block-woocommerce-cart-order-summary-fee-block\"><\/div>\n<div data-block-name=\"woocommerce\/cart-order-summary-shipping-block\" class=\"wp-block-woocommerce-cart-order-summary-shipping-block\"><\/div>\n<div data-block-name=\"woocommerce\/cart-order-summary-taxes-block\" class=\"wp-block-woocommerce-cart-order-summary-taxes-block\"><\/div><\/div>\n<\/div>\n\n\n\n<div data-block-name=\"woocommerce\/cart-express-payment-block\" class=\"wp-block-woocommerce-cart-express-payment-block\"><\/div>\n\n\n\n<div data-block-name=\"woocommerce\/proceed-to-checkout-block\" class=\"wp-block-woocommerce-proceed-to-checkout-block\"><\/div>\n\n\n\n<div data-block-name=\"woocommerce\/cart-accepted-payment-methods-block\" class=\"wp-block-woocommerce-cart-accepted-payment-methods-block\"><\/div>\n<\/div>\n<\/div>\n\n\n\n<div data-block-name=\"woocommerce\/empty-cart-block\" class=\"wp-block-woocommerce-empty-cart-block\">\n<h2 class=\"wp-block-heading has-text-align-center with-empty-cart-icon wc-block-cart__empty-cart__title\">Your cart is currently empty!<\/h2>\n\n\n\n<hr class=\"wp-block-separator has-alpha-channel-opacity is-style-dots\"\/>\n\n\n\n<h2 class=\"wp-block-heading has-text-align-center\">New in store<\/h2>\n\n\n<div data-block-name=\"woocommerce\/product-new\" data-columns=\"4\" data-rows=\"1\" class=\"wc-block-grid wp-block-product-new wp-block-woocommerce-product-new wc-block-product-new has-4-columns\"><ul class=\"wc-block-grid__products\"><li class=\"wc-block-grid__product\"><span class=\"gtm4wp_productdata\" style=\"display:none; visibility:hidden;\" data-gtm4wp_product_data=\"{&quot;internal_id&quot;:7836,&quot;item_id&quot;:7836,&quot;item_name&quot;:&quot;P\\u00f3\\u0142buty barefoot damskie Livia \\u2013 be\\u017cowy welur, ecru sk\\u00f3ra licowa i z\\u0142ote dodatki | Apavo Komfort&quot;,&quot;sku&quot;:7836,&quot;price&quot;:280,&quot;stocklevel&quot;:null,&quot;stockstatus&quot;:&quot;instock&quot;,&quot;google_business_vertical&quot;:&quot;retail&quot;,&quot;item_category&quot;:&quot;Apavo komfort&quot;,&quot;id&quot;:7836,&quot;productlink&quot;:&quot;https:\\\/\\\/apavoshoes.com\\\/en\\\/produkt\\\/polbuty-barefoot-damskie-livia-bezowy-welur-ecru-skora-licowa-i-zlote-dodatki-apavo-komfort\\\/&quot;,&quot;item_list_name&quot;:&quot;General Product List&quot;,&quot;index&quot;:0,&quot;product_type&quot;:&quot;variable&quot;,&quot;item_brand&quot;:&quot;&quot;}\"><\/span>\n\t\t\t\t<a href=\"https:\/\/apavoshoes.com\/en\/produkt\/polbuty-barefoot-damskie-livia-bezowy-welur-ecru-skora-licowa-i-zlote-dodatki-apavo-komfort\/\" class=\"wc-block-grid__product-link\">\n\t\t\t\t\t<div class=\"wc-block-grid__product-onsale\">\n\t\t\t<span aria-hidden=\"true\">Sale<\/span>\n\t\t\t<span class=\"screen-reader-text\">Product on sale<\/span>\n\t\t<\/div>\n\t\t\t\t\t<div class=\"wc-block-grid__product-image\"><img fetchpriority=\"high\" decoding=\"async\" width=\"600\" height=\"800\" src=\"https:\/\/apavoshoes.com\/wp-content\/uploads\/2026\/04\/IMG_1783-1-600x800.jpg\" class=\"attachment-woocommerce_thumbnail size-woocommerce_thumbnail wvs-archive-product-image\" alt=\"P\u00f3\u0142buty barefoot damskie Livia \u2013 be\u017cowy welur, ecru sk\u00f3ra licowa i z\u0142ote dodatki | Apavo Komfort\" \/><\/div>\n\t\t\t\t\t<div class=\"wc-block-grid__product-title\">P\u00f3\u0142buty barefoot damskie Livia \u2013 be\u017cowy welur, ecru sk\u00f3ra licowa i z\u0142ote dodatki | Apavo Komfort<\/div>\n\t\t\t\t<\/a>\n\t\t\t\t<div class=\"wc-block-grid__product-price price\"><del aria-hidden=\"true\"><span class=\"woocommerce-Price-amount amount\">380,00&nbsp;<span class=\"woocommerce-Price-currencySymbol\">&#122;&#322;<\/span><\/span><\/del> <span class=\"screen-reader-text\">Original price was: 380,00&nbsp;&#122;&#322;.<\/span><ins aria-hidden=\"true\"><span class=\"woocommerce-Price-amount amount\">280,00&nbsp;<span class=\"woocommerce-Price-currencySymbol\">&#122;&#322;<\/span><\/span><\/ins><span class=\"screen-reader-text\">Current price is: 280,00&nbsp;&#122;&#322;.<\/span><\/div>\n\t\t\t\t\n\t\t\t\t<div class=\"wp-block-button wc-block-grid__product-add-to-cart\"><a href=\"https:\/\/apavoshoes.com\/en\/produkt\/polbuty-barefoot-damskie-livia-bezowy-welur-ecru-skora-licowa-i-zlote-dodatki-apavo-komfort\/\" aria-label=\"Select options for &ldquo;P\u00f3\u0142buty barefoot damskie Livia \u2013 be\u017cowy welur, ecru sk\u00f3ra licowa i z\u0142ote dodatki | Apavo Komfort&rdquo;\" data-quantity=\"1\" data-product_id=\"7836\" data-product_sku=\"\" data-price=\"280\" rel=\"nofollow\" class=\"wp-block-button__link  add_to_cart_button\">Select options<\/a><\/div>\n\t\t\t<\/li><li class=\"wc-block-grid__product\"><span class=\"gtm4wp_productdata\" style=\"display:none; visibility:hidden;\" data-gtm4wp_product_data=\"{&quot;internal_id&quot;:7764,&quot;item_id&quot;:7764,&quot;item_name&quot;:&quot;P\\u00f3\\u0142buty barefoot damskie Livia \\u2013 granatowa sk\\u00f3ra licowa z kremowymi dodatkami | Apavo Komfort&quot;,&quot;sku&quot;:7764,&quot;price&quot;:295,&quot;stocklevel&quot;:null,&quot;stockstatus&quot;:&quot;instock&quot;,&quot;google_business_vertical&quot;:&quot;retail&quot;,&quot;item_category&quot;:&quot;P\\u00f3\\u0142buty Barefoot&quot;,&quot;id&quot;:7764,&quot;productlink&quot;:&quot;https:\\\/\\\/apavoshoes.com\\\/en\\\/produkt\\\/polbuty-barefoot-damskie-livia-granatowa-skora-licowa-z-kremowymi-dodatkami-apavo-komfort\\\/&quot;,&quot;item_list_name&quot;:&quot;General Product List&quot;,&quot;index&quot;:0,&quot;product_type&quot;:&quot;variable&quot;,&quot;item_brand&quot;:&quot;&quot;}\"><\/span>\n\t\t\t\t<a href=\"https:\/\/apavoshoes.com\/en\/produkt\/polbuty-barefoot-damskie-livia-granatowa-skora-licowa-z-kremowymi-dodatkami-apavo-komfort\/\" class=\"wc-block-grid__product-link\">\n\t\t\t\t\t<div class=\"wc-block-grid__product-onsale\">\n\t\t\t<span aria-hidden=\"true\">Sale<\/span>\n\t\t\t<span class=\"screen-reader-text\">Product on sale<\/span>\n\t\t<\/div>\n\t\t\t\t\t<div class=\"wc-block-grid__product-image\"><img decoding=\"async\" width=\"600\" height=\"800\" src=\"https:\/\/apavoshoes.com\/wp-content\/uploads\/2026\/04\/IMG_1166-600x800.jpg\" class=\"attachment-woocommerce_thumbnail size-woocommerce_thumbnail wvs-archive-product-image\" alt=\"P\u00f3\u0142buty barefoot damskie Livia \u2013 granatowa sk\u00f3ra licowa z kremowymi dodatkami | Apavo Komfort\" srcset=\"https:\/\/apavoshoes.com\/wp-content\/uploads\/2026\/04\/IMG_1166-600x800.jpg 600w, https:\/\/apavoshoes.com\/wp-content\/uploads\/2026\/04\/IMG_1166-225x300.jpg 225w, https:\/\/apavoshoes.com\/wp-content\/uploads\/2026\/04\/IMG_1166-768x1024.jpg 768w, https:\/\/apavoshoes.com\/wp-content\/uploads\/2026\/04\/IMG_1166-1152x1536.jpg 1152w, https:\/\/apavoshoes.com\/wp-content\/uploads\/2026\/04\/IMG_1166-1536x2048.jpg 1536w, https:\/\/apavoshoes.com\/wp-content\/uploads\/2026\/04\/IMG_1166-scaled.jpg 1920w\" sizes=\"(max-width: 600px) 100vw, 600px\" \/><\/div>\n\t\t\t\t\t<div class=\"wc-block-grid__product-title\">P\u00f3\u0142buty barefoot damskie Livia \u2013 granatowa sk\u00f3ra licowa z kremowymi dodatkami | Apavo Komfort<\/div>\n\t\t\t\t<\/a>\n\t\t\t\t<div class=\"wc-block-grid__product-price price\"><del aria-hidden=\"true\"><span class=\"woocommerce-Price-amount amount\">380,00&nbsp;<span class=\"woocommerce-Price-currencySymbol\">&#122;&#322;<\/span><\/span><\/del> <span class=\"screen-reader-text\">Original price was: 380,00&nbsp;&#122;&#322;.<\/span><ins aria-hidden=\"true\"><span class=\"woocommerce-Price-amount amount\">295,00&nbsp;<span class=\"woocommerce-Price-currencySymbol\">&#122;&#322;<\/span><\/span><\/ins><span class=\"screen-reader-text\">Current price is: 295,00&nbsp;&#122;&#322;.<\/span><\/div>\n\t\t\t\t\n\t\t\t\t<div class=\"wp-block-button wc-block-grid__product-add-to-cart\"><a href=\"https:\/\/apavoshoes.com\/en\/produkt\/polbuty-barefoot-damskie-livia-granatowa-skora-licowa-z-kremowymi-dodatkami-apavo-komfort\/\" aria-label=\"Select options for &ldquo;P\u00f3\u0142buty barefoot damskie Livia \u2013 granatowa sk\u00f3ra licowa z kremowymi dodatkami | Apavo Komfort&rdquo;\" data-quantity=\"1\" data-product_id=\"7764\" data-product_sku=\"\" data-price=\"295\" rel=\"nofollow\" class=\"wp-block-button__link  add_to_cart_button\">Select options<\/a><\/div>\n\t\t\t<\/li><li class=\"wc-block-grid__product\"><span class=\"gtm4wp_productdata\" style=\"display:none; visibility:hidden;\" data-gtm4wp_product_data=\"{&quot;internal_id&quot;:7756,&quot;item_id&quot;:7756,&quot;item_name&quot;:&quot;P\\u00f3\\u0142buty barefoot damskie Livia \\u2013 zielona sk\\u00f3ra licowa z r\\u00f3\\u017cowymi dodatkami | Apavo Komfort&quot;,&quot;sku&quot;:7756,&quot;price&quot;:295,&quot;stocklevel&quot;:null,&quot;stockstatus&quot;:&quot;instock&quot;,&quot;google_business_vertical&quot;:&quot;retail&quot;,&quot;item_category&quot;:&quot;P\\u00f3\\u0142buty Barefoot&quot;,&quot;id&quot;:7756,&quot;productlink&quot;:&quot;https:\\\/\\\/apavoshoes.com\\\/en\\\/produkt\\\/polbuty-barefoot-damskie-livia-zielona-skora-licowa-z-rozowymi-dodatkami-apavo-komfort\\\/&quot;,&quot;item_list_name&quot;:&quot;General Product List&quot;,&quot;index&quot;:0,&quot;product_type&quot;:&quot;variable&quot;,&quot;item_brand&quot;:&quot;&quot;}\"><\/span>\n\t\t\t\t<a href=\"https:\/\/apavoshoes.com\/en\/produkt\/polbuty-barefoot-damskie-livia-zielona-skora-licowa-z-rozowymi-dodatkami-apavo-komfort\/\" class=\"wc-block-grid__product-link\">\n\t\t\t\t\t<div class=\"wc-block-grid__product-onsale\">\n\t\t\t<span aria-hidden=\"true\">Sale<\/span>\n\t\t\t<span class=\"screen-reader-text\">Product on sale<\/span>\n\t\t<\/div>\n\t\t\t\t\t<div class=\"wc-block-grid__product-image\"><img decoding=\"async\" width=\"600\" height=\"800\" src=\"https:\/\/apavoshoes.com\/wp-content\/uploads\/2026\/04\/IMG_1284-600x800.jpg\" class=\"attachment-woocommerce_thumbnail size-woocommerce_thumbnail wvs-archive-product-image\" alt=\"P\u00f3\u0142buty barefoot damskie Livia \u2013 zielona sk\u00f3ra licowa z r\u00f3\u017cowymi dodatkami | Apavo Komfort\" srcset=\"https:\/\/apavoshoes.com\/wp-content\/uploads\/2026\/04\/IMG_1284-600x800.jpg 600w, https:\/\/apavoshoes.com\/wp-content\/uploads\/2026\/04\/IMG_1284-225x300.jpg 225w, https:\/\/apavoshoes.com\/wp-content\/uploads\/2026\/04\/IMG_1284-768x1024.jpg 768w, https:\/\/apavoshoes.com\/wp-content\/uploads\/2026\/04\/IMG_1284-1152x1536.jpg 1152w, https:\/\/apavoshoes.com\/wp-content\/uploads\/2026\/04\/IMG_1284-1536x2048.jpg 1536w, https:\/\/apavoshoes.com\/wp-content\/uploads\/2026\/04\/IMG_1284-scaled.jpg 1920w\" sizes=\"(max-width: 600px) 100vw, 600px\" \/><\/div>\n\t\t\t\t\t<div class=\"wc-block-grid__product-title\">P\u00f3\u0142buty barefoot damskie Livia \u2013 zielona sk\u00f3ra licowa z r\u00f3\u017cowymi dodatkami | Apavo Komfort<\/div>\n\t\t\t\t<\/a>\n\t\t\t\t<div class=\"wc-block-grid__product-price price\"><del aria-hidden=\"true\"><span class=\"woocommerce-Price-amount amount\">380,00&nbsp;<span class=\"woocommerce-Price-currencySymbol\">&#122;&#322;<\/span><\/span><\/del> <span class=\"screen-reader-text\">Original price was: 380,00&nbsp;&#122;&#322;.<\/span><ins aria-hidden=\"true\"><span class=\"woocommerce-Price-amount amount\">295,00&nbsp;<span class=\"woocommerce-Price-currencySymbol\">&#122;&#322;<\/span><\/span><\/ins><span class=\"screen-reader-text\">Current price is: 295,00&nbsp;&#122;&#322;.<\/span><\/div>\n\t\t\t\t\n\t\t\t\t<div class=\"wp-block-button wc-block-grid__product-add-to-cart\"><a href=\"https:\/\/apavoshoes.com\/en\/produkt\/polbuty-barefoot-damskie-livia-zielona-skora-licowa-z-rozowymi-dodatkami-apavo-komfort\/\" aria-label=\"Select options for &ldquo;P\u00f3\u0142buty barefoot damskie Livia \u2013 zielona sk\u00f3ra licowa z r\u00f3\u017cowymi dodatkami | Apavo Komfort&rdquo;\" data-quantity=\"1\" data-product_id=\"7756\" data-product_sku=\"\" data-price=\"295\" rel=\"nofollow\" class=\"wp-block-button__link  add_to_cart_button\">Select options<\/a><\/div>\n\t\t\t<\/li><li class=\"wc-block-grid__product\"><span class=\"gtm4wp_productdata\" style=\"display:none; visibility:hidden;\" data-gtm4wp_product_data=\"{&quot;internal_id&quot;:7647,&quot;item_id&quot;:7647,&quot;item_name&quot;:&quot;P\\u00f3\\u0142buty barefoot damskie Martin \\u2013 czarne&quot;,&quot;sku&quot;:7647,&quot;price&quot;:220,&quot;stocklevel&quot;:null,&quot;stockstatus&quot;:&quot;instock&quot;,&quot;google_business_vertical&quot;:&quot;retail&quot;,&quot;item_category&quot;:&quot;Sample Sale&quot;,&quot;id&quot;:7647,&quot;productlink&quot;:&quot;https:\\\/\\\/apavoshoes.com\\\/en\\\/produkt\\\/polbuty-barefoot-damskie-martin-czarne\\\/&quot;,&quot;item_list_name&quot;:&quot;General Product List&quot;,&quot;index&quot;:0,&quot;product_type&quot;:&quot;variable&quot;,&quot;item_brand&quot;:&quot;&quot;}\"><\/span>\n\t\t\t\t<a href=\"https:\/\/apavoshoes.com\/en\/produkt\/polbuty-barefoot-damskie-martin-czarne\/\" class=\"wc-block-grid__product-link\">\n\t\t\t\t\t<div class=\"wc-block-grid__product-onsale\">\n\t\t\t<span aria-hidden=\"true\">Sale<\/span>\n\t\t\t<span class=\"screen-reader-text\">Product on sale<\/span>\n\t\t<\/div>\n\t\t\t\t\t<div class=\"wc-block-grid__product-image\"><img loading=\"lazy\" decoding=\"async\" width=\"600\" height=\"800\" src=\"https:\/\/apavoshoes.com\/wp-content\/uploads\/2024\/03\/BackgroundEraser_20240312_161942002-600x800.jpg\" class=\"attachment-woocommerce_thumbnail size-woocommerce_thumbnail wvs-archive-product-image\" alt=\"P\u00f3\u0142buty barefoot damskie Martin \u2013 czarne\" \/><\/div>\n\t\t\t\t\t<div class=\"wc-block-grid__product-title\">P\u00f3\u0142buty barefoot damskie Martin \u2013 czarne<\/div>\n\t\t\t\t<\/a>\n\t\t\t\t<div class=\"wc-block-grid__product-price price\"><del aria-hidden=\"true\"><span class=\"woocommerce-Price-amount amount\">390,00&nbsp;<span class=\"woocommerce-Price-currencySymbol\">&#122;&#322;<\/span><\/span><\/del> <span class=\"screen-reader-text\">Original price was: 390,00&nbsp;&#122;&#322;.<\/span><ins aria-hidden=\"true\"><span class=\"woocommerce-Price-amount amount\">220,00&nbsp;<span class=\"woocommerce-Price-currencySymbol\">&#122;&#322;<\/span><\/span><\/ins><span class=\"screen-reader-text\">Current price is: 220,00&nbsp;&#122;&#322;.<\/span><\/div>\n\t\t\t\t\n\t\t\t\t<div class=\"wp-block-button wc-block-grid__product-add-to-cart\"><a href=\"https:\/\/apavoshoes.com\/en\/produkt\/polbuty-barefoot-damskie-martin-czarne\/\" aria-label=\"Select options for &ldquo;P\u00f3\u0142buty barefoot damskie Martin \u2013 czarne&rdquo;\" data-quantity=\"1\" data-product_id=\"7647\" data-product_sku=\"\" data-price=\"220\" rel=\"nofollow\" class=\"wp-block-button__link  add_to_cart_button\">Select options<\/a><\/div>\n\t\t\t<\/li><\/ul><\/div><\/div>\n<\/div>\n","protected":false},"excerpt":{"rendered":"","protected":false},"author":4,"featured_media":0,"parent":0,"menu_order":0,"comment_status":"closed","ping_status":"closed","template":"","meta":{"ocean_post_layout":"","ocean_both_sidebars_style":"","ocean_both_sidebars_content_width":0,"ocean_both_sidebars_sidebars_width":0,"ocean_sidebar":"","ocean_second_sidebar":"","ocean_disable_margins":"enable","ocean_add_body_class":"","ocean_shortcode_before_top_bar":"","ocean_shortcode_after_top_bar":"","ocean_shortcode_before_header":"","ocean_shortcode_after_header":"","ocean_has_shortcode":"","ocean_shortcode_after_title":"","ocean_shortcode_before_footer_widgets":"","ocean_shortcode_after_footer_widgets":"","ocean_shortcode_before_footer_bottom":"","ocean_shortcode_after_footer_bottom":"","ocean_display_top_bar":"default","ocean_display_header":"default","ocean_header_style":"","ocean_center_header_left_menu":"","ocean_custom_header_template":"","ocean_custom_logo":0,"ocean_custom_retina_logo":0,"ocean_custom_logo_max_width":0,"ocean_custom_logo_tablet_max_width":0,"ocean_custom_logo_mobile_max_width":0,"ocean_custom_logo_max_height":0,"ocean_custom_logo_tablet_max_height":0,"ocean_custom_logo_mobile_max_height":0,"ocean_header_custom_menu":"","ocean_menu_typo_font_family":"","ocean_menu_typo_font_subset":"","ocean_menu_typo_font_size":0,"ocean_menu_typo_font_size_tablet":0,"ocean_menu_typo_font_size_mobile":0,"ocean_menu_typo_font_size_unit":"px","ocean_menu_typo_font_weight":"","ocean_menu_typo_font_weight_tablet":"","ocean_menu_typo_font_weight_mobile":"","ocean_menu_typo_transform":"","ocean_menu_typo_transform_tablet":"","ocean_menu_typo_transform_mobile":"","ocean_menu_typo_line_height":0,"ocean_menu_typo_line_height_tablet":0,"ocean_menu_typo_line_height_mobile":0,"ocean_menu_typo_line_height_unit":"","ocean_menu_typo_spacing":0,"ocean_menu_typo_spacing_tablet":0,"ocean_menu_typo_spacing_mobile":0,"ocean_menu_typo_spacing_unit":"","ocean_menu_link_color":"","ocean_menu_link_color_hover":"","ocean_menu_link_color_active":"","ocean_menu_link_background":"","ocean_menu_link_hover_background":"","ocean_menu_link_active_background":"","ocean_menu_social_links_bg":"","ocean_menu_social_hover_links_bg":"","ocean_menu_social_links_color":"","ocean_menu_social_hover_links_color":"","ocean_disable_title":"default","ocean_disable_heading":"default","ocean_post_title":"","ocean_post_subheading":"","ocean_post_title_style":"","ocean_post_title_background_color":"","ocean_post_title_background":0,"ocean_post_title_bg_image_position":"","ocean_post_title_bg_image_attachment":"","ocean_post_title_bg_image_repeat":"","ocean_post_title_bg_image_size":"","ocean_post_title_height":0,"ocean_post_title_bg_overlay":0.5,"ocean_post_title_bg_overlay_color":"","ocean_disable_breadcrumbs":"default","ocean_breadcrumbs_color":"","ocean_breadcrumbs_separator_color":"","ocean_breadcrumbs_links_color":"","ocean_breadcrumbs_links_hover_color":"","ocean_display_footer_widgets":"default","ocean_display_footer_bottom":"default","ocean_custom_footer_template":"","footnotes":""},"class_list":["post-4531","page","type-page","status-publish","hentry","entry","owp-thumbs-layout-horizontal","owp-btn-normal","owp-tabs-layout-vertical","has-no-thumbnails","has-product-nav"],"yoast_head":"<!-- This site is optimized with the Yoast SEO plugin v27.4 - https:\/\/yoast.com\/product\/yoast-seo-wordpress\/ -->\n<title>Cart - APAVO BAREFOOT<\/title>\n<meta name=\"robots\" content=\"index, follow, max-snippet:-1, max-image-preview:large, max-video-preview:-1\" \/>\n<link rel=\"canonical\" href=\"https:\/\/apavoshoes.com\/en\/cart\/\" \/>\n<meta property=\"og:locale\" content=\"en_US\" \/>\n<meta property=\"og:type\" content=\"article\" \/>\n<meta property=\"og:title\" content=\"Cart - APAVO BAREFOOT\" \/>\n<meta property=\"og:url\" content=\"https:\/\/apavoshoes.com\/en\/cart\/\" \/>\n<meta property=\"og:site_name\" content=\"APAVO BAREFOOT\" \/>\n<meta property=\"article:modified_time\" content=\"2025-07-13T20:30:35+00:00\" \/>\n<meta name=\"twitter:card\" content=\"summary_large_image\" \/>\n<script type=\"application\/ld+json\" class=\"yoast-schema-graph\">{\"@context\":\"https:\\\/\\\/schema.org\",\"@graph\":[{\"@type\":\"WebPage\",\"@id\":\"https:\\\/\\\/apavoshoes.com\\\/en\\\/cart\\\/\",\"url\":\"https:\\\/\\\/apavoshoes.com\\\/en\\\/cart\\\/\",\"name\":\"Cart - APAVO BAREFOOT\",\"isPartOf\":{\"@id\":\"https:\\\/\\\/apavoshoes.com\\\/en\\\/#website\"},\"datePublished\":\"2020-05-19T14:48:43+00:00\",\"dateModified\":\"2025-07-13T20:30:35+00:00\",\"breadcrumb\":{\"@id\":\"https:\\\/\\\/apavoshoes.com\\\/en\\\/cart\\\/#breadcrumb\"},\"inLanguage\":\"en-US\",\"potentialAction\":[{\"@type\":\"ReadAction\",\"target\":[\"https:\\\/\\\/apavoshoes.com\\\/en\\\/cart\\\/\"]}]},{\"@type\":\"BreadcrumbList\",\"@id\":\"https:\\\/\\\/apavoshoes.com\\\/en\\\/cart\\\/#breadcrumb\",\"itemListElement\":[{\"@type\":\"ListItem\",\"position\":1,\"name\":\"Strona g\u0142\u00f3wna\",\"item\":\"https:\\\/\\\/apavoshoes.com\\\/en\\\/\"},{\"@type\":\"ListItem\",\"position\":2,\"name\":\"Cart\"}]},{\"@type\":\"WebSite\",\"@id\":\"https:\\\/\\\/apavoshoes.com\\\/en\\\/#website\",\"url\":\"https:\\\/\\\/apavoshoes.com\\\/en\\\/\",\"name\":\"APAVO BAREFOOT\",\"description\":\"\",\"publisher\":{\"@id\":\"https:\\\/\\\/apavoshoes.com\\\/en\\\/#organization\"},\"potentialAction\":[{\"@type\":\"SearchAction\",\"target\":{\"@type\":\"EntryPoint\",\"urlTemplate\":\"https:\\\/\\\/apavoshoes.com\\\/en\\\/?s={search_term_string}\"},\"query-input\":{\"@type\":\"PropertyValueSpecification\",\"valueRequired\":true,\"valueName\":\"search_term_string\"}}],\"inLanguage\":\"en-US\"},{\"@type\":\"Organization\",\"@id\":\"https:\\\/\\\/apavoshoes.com\\\/en\\\/#organization\",\"name\":\"APAVO BAREFOOT\",\"url\":\"https:\\\/\\\/apavoshoes.com\\\/en\\\/\",\"logo\":{\"@type\":\"ImageObject\",\"inLanguage\":\"en-US\",\"@id\":\"https:\\\/\\\/apavoshoes.com\\\/en\\\/#\\\/schema\\\/logo\\\/image\\\/\",\"url\":\"https:\\\/\\\/apavoshoes.com\\\/wp-content\\\/uploads\\\/2021\\\/10\\\/cropped-logo-twoje.png\",\"contentUrl\":\"https:\\\/\\\/apavoshoes.com\\\/wp-content\\\/uploads\\\/2021\\\/10\\\/cropped-logo-twoje.png\",\"width\":225,\"height\":53,\"caption\":\"APAVO BAREFOOT\"},\"image\":{\"@id\":\"https:\\\/\\\/apavoshoes.com\\\/en\\\/#\\\/schema\\\/logo\\\/image\\\/\"}}]}<\/script>\n<!-- \/ Yoast SEO plugin. -->","yoast_head_json":{"title":"Cart - APAVO BAREFOOT","robots":{"index":"index","follow":"follow","max-snippet":"max-snippet:-1","max-image-preview":"max-image-preview:large","max-video-preview":"max-video-preview:-1"},"canonical":"https:\/\/apavoshoes.com\/en\/cart\/","og_locale":"en_US","og_type":"article","og_title":"Cart - APAVO BAREFOOT","og_url":"https:\/\/apavoshoes.com\/en\/cart\/","og_site_name":"APAVO BAREFOOT","article_modified_time":"2025-07-13T20:30:35+00:00","twitter_card":"summary_large_image","schema":{"@context":"https:\/\/schema.org","@graph":[{"@type":"WebPage","@id":"https:\/\/apavoshoes.com\/en\/cart\/","url":"https:\/\/apavoshoes.com\/en\/cart\/","name":"Cart - APAVO BAREFOOT","isPartOf":{"@id":"https:\/\/apavoshoes.com\/en\/#website"},"datePublished":"2020-05-19T14:48:43+00:00","dateModified":"2025-07-13T20:30:35+00:00","breadcrumb":{"@id":"https:\/\/apavoshoes.com\/en\/cart\/#breadcrumb"},"inLanguage":"en-US","potentialAction":[{"@type":"ReadAction","target":["https:\/\/apavoshoes.com\/en\/cart\/"]}]},{"@type":"BreadcrumbList","@id":"https:\/\/apavoshoes.com\/en\/cart\/#breadcrumb","itemListElement":[{"@type":"ListItem","position":1,"name":"Strona g\u0142\u00f3wna","item":"https:\/\/apavoshoes.com\/en\/"},{"@type":"ListItem","position":2,"name":"Cart"}]},{"@type":"WebSite","@id":"https:\/\/apavoshoes.com\/en\/#website","url":"https:\/\/apavoshoes.com\/en\/","name":"APAVO BAREFOOT","description":"","publisher":{"@id":"https:\/\/apavoshoes.com\/en\/#organization"},"potentialAction":[{"@type":"SearchAction","target":{"@type":"EntryPoint","urlTemplate":"https:\/\/apavoshoes.com\/en\/?s={search_term_string}"},"query-input":{"@type":"PropertyValueSpecification","valueRequired":true,"valueName":"search_term_string"}}],"inLanguage":"en-US"},{"@type":"Organization","@id":"https:\/\/apavoshoes.com\/en\/#organization","name":"APAVO BAREFOOT","url":"https:\/\/apavoshoes.com\/en\/","logo":{"@type":"ImageObject","inLanguage":"en-US","@id":"https:\/\/apavoshoes.com\/en\/#\/schema\/logo\/image\/","url":"https:\/\/apavoshoes.com\/wp-content\/uploads\/2021\/10\/cropped-logo-twoje.png","contentUrl":"https:\/\/apavoshoes.com\/wp-content\/uploads\/2021\/10\/cropped-logo-twoje.png","width":225,"height":53,"caption":"APAVO BAREFOOT"},"image":{"@id":"https:\/\/apavoshoes.com\/en\/#\/schema\/logo\/image\/"}}]}},"_links":{"self":[{"href":"https:\/\/apavoshoes.com\/en\/wp-json\/wp\/v2\/pages\/4531","targetHints":{"allow":["GET"]}}],"collection":[{"href":"https:\/\/apavoshoes.com\/en\/wp-json\/wp\/v2\/pages"}],"about":[{"href":"https:\/\/apavoshoes.com\/en\/wp-json\/wp\/v2\/types\/page"}],"author":[{"embeddable":true,"href":"https:\/\/apavoshoes.com\/en\/wp-json\/wp\/v2\/users\/4"}],"replies":[{"embeddable":true,"href":"https:\/\/apavoshoes.com\/en\/wp-json\/wp\/v2\/comments?post=4531"}],"version-history":[{"count":0,"href":"https:\/\/apavoshoes.com\/en\/wp-json\/wp\/v2\/pages\/4531\/revisions"}],"wp:attachment":[{"href":"https:\/\/apavoshoes.com\/en\/wp-json\/wp\/v2\/media?parent=4531"}],"curies":[{"name":"wp","href":"https:\/\/api.w.org\/{rel}","templated":true}]}}