{"id":1568,"date":"2024-03-11T20:45:30","date_gmt":"2024-03-11T19:45:30","guid":{"rendered":"https:\/\/apavoshoes.com\/?post_type=product&#038;p=1568"},"modified":"2026-03-15T19:04:19","modified_gmt":"2026-03-15T18:04:19","slug":"polbuty-barefoot-damskie-becky-bezowy-welur-apavo","status":"publish","type":"product","link":"https:\/\/apavoshoes.com\/en\/produkt\/polbuty-barefoot-damskie-becky-bezowy-welur-apavo\/","title":{"rendered":"P\u00f3\u0142buty barefoot damskie Becky \u2013 be\u017cowy welur | Apavo Barefoot"},"content":{"rendered":"<h3 data-start=\"644\" data-end=\"712\"><strong data-start=\"648\" data-end=\"710\">P\u00f3\u0142buty Becky be\u017cowy \u2013 chodakowy design i komfort barefoot<\/strong><\/h3>\n<p data-start=\"714\" data-end=\"1059\">Model <strong data-start=\"720\" data-end=\"744\">p\u00f3\u0142buty Becky be\u017cowy<\/strong> \u0142\u0105czy minimalistyczny styl z funkcjonalno\u015bci\u0105 barefoot. Ju\u017c od pierwszego kroku poczujesz swobod\u0119 dzi\u0119ki szerokiemu toe boxowi, kt\u00f3ry zapewnia palcom naturaln\u0105 przestrze\u0144. Elastyczna, cienka podeszwa barefoot i zerowy drop (0 mm) wspieraj\u0105 prawid\u0142owe u\u0142o\u017cenie stopy, dzi\u0119ki czemu chodzenie jest wygodne i zdrowe.<\/p>\n<p data-start=\"1061\" data-end=\"1273\">Cholewka wykonana jest z wysokiej jako\u015bci w\u0142oskiej sk\u00f3ry naturalnej w delikatnym, be\u017cowym welurze. Materia\u0142 jest mi\u0119kki, trwa\u0142y i przewiewny, a wyjmowana wk\u0142adka pozwala \u0142atwo dopasowa\u0107 buty i utrzyma\u0107 higien\u0119.<\/p>\n<p data-start=\"1275\" data-end=\"1621\">Model Becky jest idealny do casualowych stylizacji. Mo\u017cesz nosi\u0107 je z jeansami, spodniami materia\u0142owymi, szortami <strong data-start=\"1389\" data-end=\"1396\">lub<\/strong> letni\u0105 sukienk\u0105. <strong data-start=\"1414\" data-end=\"1429\">Dzi\u0119ki temu<\/strong> stworzysz wygodny, nowoczesny look, kt\u00f3ry sprawdzi si\u0119 w codziennym u\u017cytkowaniu. <strong data-start=\"1511\" data-end=\"1527\">Jednocze\u015bnie<\/strong> minimalistyczny fason pasuje do miejskich spacer\u00f3w, zakup\u00f3w i spotka\u0144 w lu\u017aniejszym gronie.<\/p>\n<p data-start=\"1623\" data-end=\"1912\">Dodatkowo, Becky \u015bwietnie komponuj\u0105 si\u0119 z innymi modelami Apavo. Sprawd\u017a r\u00f3wnie\u017c <a class=\"decorated-link cursor-pointer\" rel=\"noopener\" data-start=\"1704\" data-end=\"1742\">p\u00f3\u0142buty damskie Ava<\/a>, je\u015bli szukasz lekkiego, sportowego obuwia barefoot. <strong data-start=\"1796\" data-end=\"1807\">A tak\u017ce<\/strong> odkryj ca\u0142\u0105 kolekcj\u0119 p\u00f3\u0142but\u00f3w damskich Apavo w kategorii <a class=\"decorated-link cursor-pointer\" rel=\"noopener\" data-start=\"1865\" data-end=\"1909\">P\u00f3\u0142buty barefoot damskie<\/a>.<\/p>\n<hr data-start=\"1914\" data-end=\"1917\" \/>\n<h3 data-start=\"1919\" data-end=\"1971\"><strong data-start=\"1923\" data-end=\"1969\">Dlaczego warto wybra\u0107 p\u00f3\u0142buty Becky be\u017cowy<\/strong><\/h3>\n<p data-start=\"1973\" data-end=\"2338\">\u2022 casualowy, chodakowy fason \u2013 komfort i swoboda<br data-start=\"2021\" data-end=\"2024\" \/>\u2022 w\u0142oska sk\u00f3ra naturalna welurowa \u2013 mi\u0119kka, trwa\u0142a, oddychaj\u0105ca<br data-start=\"2087\" data-end=\"2090\" \/>\u2022 cienka, elastyczna podeszwa barefoot \u2013 naturalny ruch stopy<br data-start=\"2151\" data-end=\"2154\" \/>\u2022 zerowy drop \u2013 0 mm<br data-start=\"2174\" data-end=\"2177\" \/>\u2022 szeroki, anatomiczny toe box \u2013 pe\u0142na swoboda dla palc\u00f3w<br data-start=\"2234\" data-end=\"2237\" \/>\u2022 wyjmowana wk\u0142adka \u2013 \u0142atwe dopasowanie i higiena<br data-start=\"2286\" data-end=\"2289\" \/>\u2022 polska produkcja \u2013 najwy\u017csza jako\u015b\u0107 wykonania<\/p>\n<hr data-start=\"2340\" data-end=\"2343\" \/>\n<h3 data-start=\"2345\" data-end=\"2378\">Szczeg\u00f3\u0142y produktu<\/h3>\n<p data-start=\"2380\" data-end=\"2639\">\u2022 <strong data-start=\"2382\" data-end=\"2395\">Cholewka:<\/strong> w\u0142oska sk\u00f3ra naturalna welurowa<br data-start=\"2427\" data-end=\"2430\" \/>\u2022 <strong data-start=\"2432\" data-end=\"2444\">Wn\u0119trze:<\/strong> sk\u00f3ra naturalna<br data-start=\"2460\" data-end=\"2463\" \/>\u2022 <strong data-start=\"2465\" data-end=\"2478\">Podeszwa:<\/strong> cienka, elastyczna barefoot<br data-start=\"2506\" data-end=\"2509\" \/>\u2022 <strong data-start=\"2511\" data-end=\"2520\">Drop:<\/strong> 0 mm<br data-start=\"2525\" data-end=\"2528\" \/>\u2022 <strong data-start=\"2530\" data-end=\"2542\">Toe box:<\/strong> szeroki, anatomiczny<br data-start=\"2563\" data-end=\"2566\" \/>\u2022 <strong data-start=\"2568\" data-end=\"2580\">Wk\u0142adka:<\/strong> wyjmowana<br data-start=\"2590\" data-end=\"2593\" \/>\u2022 <strong data-start=\"2595\" data-end=\"2609\">Produkcja:<\/strong> Polska<br data-start=\"2616\" data-end=\"2619\" \/>\u2022 <strong data-start=\"2621\" data-end=\"2631\">Marka:<\/strong> Apavo<\/p>\n","protected":false},"excerpt":{"rendered":"<p><strong data-start=\"468\" data-end=\"498\">P\u00f3\u0142buty Becky be\u017cowy welur<\/strong> to lekkie i komfortowe p\u00f3\u0142buty w stylu chodak\u00f3w, zaprojektowane z my\u015bl\u0105 o naturalnym ruchu stopy. Minimalistyczny fason z szerokim toe boxem oraz wyjmowan\u0105 wk\u0142adk\u0105 sprawia, \u017ce s\u0105 idealne na spacery, codzienne wyj\u015bcia i casualowe stylizacje.<\/p>\n","protected":false},"featured_media":1573,"comment_status":"open","ping_status":"closed","template":"","meta":{"ocean_post_layout":"","ocean_both_sidebars_style":"","ocean_both_sidebars_content_width":0,"ocean_both_sidebars_sidebars_width":0,"ocean_sidebar":"0","ocean_second_sidebar":"0","ocean_disable_margins":"enable","ocean_add_body_class":"","ocean_shortcode_before_top_bar":"","ocean_shortcode_after_top_bar":"","ocean_shortcode_before_header":"","ocean_shortcode_after_header":"","ocean_has_shortcode":"","ocean_shortcode_after_title":"","ocean_shortcode_before_footer_widgets":"","ocean_shortcode_after_footer_widgets":"","ocean_shortcode_before_footer_bottom":"","ocean_shortcode_after_footer_bottom":"","ocean_display_top_bar":"default","ocean_display_header":"default","ocean_header_style":"","ocean_center_header_left_menu":"0","ocean_custom_header_template":"0","ocean_custom_logo":0,"ocean_custom_retina_logo":0,"ocean_custom_logo_max_width":0,"ocean_custom_logo_tablet_max_width":0,"ocean_custom_logo_mobile_max_width":0,"ocean_custom_logo_max_height":0,"ocean_custom_logo_tablet_max_height":0,"ocean_custom_logo_mobile_max_height":0,"ocean_header_custom_menu":"0","ocean_menu_typo_font_family":"0","ocean_menu_typo_font_subset":"","ocean_menu_typo_font_size":0,"ocean_menu_typo_font_size_tablet":0,"ocean_menu_typo_font_size_mobile":0,"ocean_menu_typo_font_size_unit":"px","ocean_menu_typo_font_weight":"","ocean_menu_typo_font_weight_tablet":"","ocean_menu_typo_font_weight_mobile":"","ocean_menu_typo_transform":"","ocean_menu_typo_transform_tablet":"","ocean_menu_typo_transform_mobile":"","ocean_menu_typo_line_height":0,"ocean_menu_typo_line_height_tablet":0,"ocean_menu_typo_line_height_mobile":0,"ocean_menu_typo_line_height_unit":"","ocean_menu_typo_spacing":0,"ocean_menu_typo_spacing_tablet":0,"ocean_menu_typo_spacing_mobile":0,"ocean_menu_typo_spacing_unit":"","ocean_menu_link_color":"","ocean_menu_link_color_hover":"","ocean_menu_link_color_active":"","ocean_menu_link_background":"","ocean_menu_link_hover_background":"","ocean_menu_link_active_background":"","ocean_menu_social_links_bg":"","ocean_menu_social_hover_links_bg":"","ocean_menu_social_links_color":"","ocean_menu_social_hover_links_color":"","ocean_disable_title":"default","ocean_disable_heading":"default","ocean_post_title":"","ocean_post_subheading":"","ocean_post_title_style":"","ocean_post_title_background_color":"","ocean_post_title_background":0,"ocean_post_title_bg_image_position":"","ocean_post_title_bg_image_attachment":"","ocean_post_title_bg_image_repeat":"","ocean_post_title_bg_image_size":"","ocean_post_title_height":0,"ocean_post_title_bg_overlay":0.5,"ocean_post_title_bg_overlay_color":"","ocean_disable_breadcrumbs":"default","ocean_breadcrumbs_color":"","ocean_breadcrumbs_separator_color":"","ocean_breadcrumbs_links_color":"","ocean_breadcrumbs_links_hover_color":"","ocean_display_footer_widgets":"default","ocean_display_footer_bottom":"default","ocean_custom_footer_template":"0"},"product_brand":[],"product_cat":[62],"product_tag":[],"class_list":{"0":"post-1568","1":"product","2":"type-product","3":"status-publish","4":"has-post-thumbnail","6":"product_cat-polbuty","8":"entry","9":"has-media","11":"first","12":"instock","13":"shipping-taxable","14":"purchasable","15":"product-type-variable","16":"wvs-archive-product-wrapper","17":"has-product-nav","18":"col","19":"span_1_of_3","20":"owp-content-center","21":"owp-thumbs-layout-horizontal","22":"owp-btn-normal","23":"owp-tabs-layout-vertical"},"yoast_head":"<!-- This site is optimized with the Yoast SEO plugin v27.4 - https:\/\/yoast.com\/product\/yoast-seo-wordpress\/ -->\n<title>P\u00f3\u0142buty barefoot damskie Becky \u2013 be\u017cowy welur | Apavo Barefoot - APAVO BAREFOOT<\/title>\n<meta name=\"description\" content=\"P\u00f3\u0142buty Becky to wygodne buty z szerok\u0105 przestrzeni\u0105 na palce, co pozwala stopie na naturalne rozprzestrzenienie i wygodne ustawienie podczas chodzenia.\u00a0\" \/>\n<meta name=\"robots\" content=\"index, follow, max-snippet:-1, max-image-preview:large, max-video-preview:-1\" \/>\n<link rel=\"canonical\" href=\"https:\/\/apavoshoes.com\/en\/produkt\/polbuty-barefoot-damskie-becky-bezowy-welur-apavo\/\" \/>\n<meta property=\"og:locale\" content=\"en_US\" \/>\n<meta property=\"og:type\" content=\"article\" \/>\n<meta property=\"og:title\" content=\"P\u00f3\u0142buty barefoot damskie Becky \u2013 be\u017cowy welur | Apavo Barefoot - APAVO BAREFOOT\" \/>\n<meta property=\"og:description\" content=\"P\u00f3\u0142buty Becky to wygodne buty z szerok\u0105 przestrzeni\u0105 na palce, co pozwala stopie na naturalne rozprzestrzenienie i wygodne ustawienie podczas chodzenia.\u00a0\" \/>\n<meta property=\"og:url\" content=\"https:\/\/apavoshoes.com\/en\/produkt\/polbuty-barefoot-damskie-becky-bezowy-welur-apavo\/\" \/>\n<meta property=\"og:site_name\" content=\"APAVO BAREFOOT\" \/>\n<meta property=\"article:modified_time\" content=\"2026-03-15T18:04:19+00:00\" \/>\n<meta property=\"og:image\" content=\"https:\/\/apavoshoes.com\/wp-content\/uploads\/2024\/03\/bez-nazwy-232-z-330-scaled.jpg\" \/>\n\t<meta property=\"og:image:width\" content=\"1706\" \/>\n\t<meta property=\"og:image:height\" content=\"2560\" \/>\n\t<meta property=\"og:image:type\" content=\"image\/jpeg\" \/>\n<meta name=\"twitter:card\" content=\"summary_large_image\" \/>\n<meta name=\"twitter:label1\" content=\"Est. reading time\" \/>\n\t<meta name=\"twitter:data1\" content=\"2 minutes\" \/>\n<script type=\"application\/ld+json\" class=\"yoast-schema-graph\">{\"@context\":\"https:\\\/\\\/schema.org\",\"@graph\":[{\"@type\":\"WebPage\",\"@id\":\"https:\\\/\\\/apavoshoes.com\\\/en\\\/produkt\\\/polbuty-barefoot-damskie-becky-bezowy-welur-apavo\\\/\",\"url\":\"https:\\\/\\\/apavoshoes.com\\\/en\\\/produkt\\\/polbuty-barefoot-damskie-becky-bezowy-welur-apavo\\\/\",\"name\":\"P\u00f3\u0142buty barefoot damskie Becky \u2013 be\u017cowy welur | Apavo Barefoot - APAVO BAREFOOT\",\"isPartOf\":{\"@id\":\"https:\\\/\\\/apavoshoes.com\\\/en\\\/#website\"},\"primaryImageOfPage\":{\"@id\":\"https:\\\/\\\/apavoshoes.com\\\/en\\\/produkt\\\/polbuty-barefoot-damskie-becky-bezowy-welur-apavo\\\/#primaryimage\"},\"image\":{\"@id\":\"https:\\\/\\\/apavoshoes.com\\\/en\\\/produkt\\\/polbuty-barefoot-damskie-becky-bezowy-welur-apavo\\\/#primaryimage\"},\"thumbnailUrl\":\"https:\\\/\\\/apavoshoes.com\\\/wp-content\\\/uploads\\\/2024\\\/03\\\/bez-nazwy-232-z-330-scaled.jpg\",\"datePublished\":\"2024-03-11T19:45:30+00:00\",\"dateModified\":\"2026-03-15T18:04:19+00:00\",\"description\":\"P\u00f3\u0142buty Becky to wygodne buty z szerok\u0105 przestrzeni\u0105 na palce, co pozwala stopie na naturalne rozprzestrzenienie i wygodne ustawienie podczas chodzenia.\u00a0\",\"breadcrumb\":{\"@id\":\"https:\\\/\\\/apavoshoes.com\\\/en\\\/produkt\\\/polbuty-barefoot-damskie-becky-bezowy-welur-apavo\\\/#breadcrumb\"},\"inLanguage\":\"en-US\",\"potentialAction\":[{\"@type\":\"ReadAction\",\"target\":[\"https:\\\/\\\/apavoshoes.com\\\/en\\\/produkt\\\/polbuty-barefoot-damskie-becky-bezowy-welur-apavo\\\/\"]}]},{\"@type\":\"ImageObject\",\"inLanguage\":\"en-US\",\"@id\":\"https:\\\/\\\/apavoshoes.com\\\/en\\\/produkt\\\/polbuty-barefoot-damskie-becky-bezowy-welur-apavo\\\/#primaryimage\",\"url\":\"https:\\\/\\\/apavoshoes.com\\\/wp-content\\\/uploads\\\/2024\\\/03\\\/bez-nazwy-232-z-330-scaled.jpg\",\"contentUrl\":\"https:\\\/\\\/apavoshoes.com\\\/wp-content\\\/uploads\\\/2024\\\/03\\\/bez-nazwy-232-z-330-scaled.jpg\",\"width\":1706,\"height\":2560,\"caption\":\"Detale welurowej cholewki i wykonania p\u00f3\u0142but\u00f3w Becky\"},{\"@type\":\"BreadcrumbList\",\"@id\":\"https:\\\/\\\/apavoshoes.com\\\/en\\\/produkt\\\/polbuty-barefoot-damskie-becky-bezowy-welur-apavo\\\/#breadcrumb\",\"itemListElement\":[{\"@type\":\"ListItem\",\"position\":1,\"name\":\"Strona g\u0142\u00f3wna\",\"item\":\"https:\\\/\\\/apavoshoes.com\\\/en\\\/\"},{\"@type\":\"ListItem\",\"position\":2,\"name\":\"Shop\",\"item\":\"https:\\\/\\\/apavoshoes.com\\\/en\\\/shop\\\/\"},{\"@type\":\"ListItem\",\"position\":3,\"name\":\"P\u00f3\u0142buty barefoot damskie Becky \u2013 be\u017cowy welur | Apavo Barefoot\"}]},{\"@type\":\"WebSite\",\"@id\":\"https:\\\/\\\/apavoshoes.com\\\/en\\\/#website\",\"url\":\"https:\\\/\\\/apavoshoes.com\\\/en\\\/\",\"name\":\"APAVO BAREFOOT\",\"description\":\"\",\"publisher\":{\"@id\":\"https:\\\/\\\/apavoshoes.com\\\/en\\\/#organization\"},\"potentialAction\":[{\"@type\":\"SearchAction\",\"target\":{\"@type\":\"EntryPoint\",\"urlTemplate\":\"https:\\\/\\\/apavoshoes.com\\\/en\\\/?s={search_term_string}\"},\"query-input\":{\"@type\":\"PropertyValueSpecification\",\"valueRequired\":true,\"valueName\":\"search_term_string\"}}],\"inLanguage\":\"en-US\"},{\"@type\":\"Organization\",\"@id\":\"https:\\\/\\\/apavoshoes.com\\\/en\\\/#organization\",\"name\":\"APAVO BAREFOOT\",\"url\":\"https:\\\/\\\/apavoshoes.com\\\/en\\\/\",\"logo\":{\"@type\":\"ImageObject\",\"inLanguage\":\"en-US\",\"@id\":\"https:\\\/\\\/apavoshoes.com\\\/en\\\/#\\\/schema\\\/logo\\\/image\\\/\",\"url\":\"https:\\\/\\\/apavoshoes.com\\\/wp-content\\\/uploads\\\/2021\\\/10\\\/cropped-logo-twoje.png\",\"contentUrl\":\"https:\\\/\\\/apavoshoes.com\\\/wp-content\\\/uploads\\\/2021\\\/10\\\/cropped-logo-twoje.png\",\"width\":225,\"height\":53,\"caption\":\"APAVO BAREFOOT\"},\"image\":{\"@id\":\"https:\\\/\\\/apavoshoes.com\\\/en\\\/#\\\/schema\\\/logo\\\/image\\\/\"}}]}<\/script>\n<!-- \/ Yoast SEO plugin. -->","yoast_head_json":{"title":"P\u00f3\u0142buty barefoot damskie Becky \u2013 be\u017cowy welur | Apavo Barefoot - APAVO BAREFOOT","description":"P\u00f3\u0142buty Becky to wygodne buty z szerok\u0105 przestrzeni\u0105 na palce, co pozwala stopie na naturalne rozprzestrzenienie i wygodne ustawienie podczas chodzenia.\u00a0","robots":{"index":"index","follow":"follow","max-snippet":"max-snippet:-1","max-image-preview":"max-image-preview:large","max-video-preview":"max-video-preview:-1"},"canonical":"https:\/\/apavoshoes.com\/en\/produkt\/polbuty-barefoot-damskie-becky-bezowy-welur-apavo\/","og_locale":"en_US","og_type":"article","og_title":"P\u00f3\u0142buty barefoot damskie Becky \u2013 be\u017cowy welur | Apavo Barefoot - APAVO BAREFOOT","og_description":"P\u00f3\u0142buty Becky to wygodne buty z szerok\u0105 przestrzeni\u0105 na palce, co pozwala stopie na naturalne rozprzestrzenienie i wygodne ustawienie podczas chodzenia.\u00a0","og_url":"https:\/\/apavoshoes.com\/en\/produkt\/polbuty-barefoot-damskie-becky-bezowy-welur-apavo\/","og_site_name":"APAVO BAREFOOT","article_modified_time":"2026-03-15T18:04:19+00:00","og_image":[{"width":1706,"height":2560,"url":"https:\/\/apavoshoes.com\/wp-content\/uploads\/2024\/03\/bez-nazwy-232-z-330-scaled.jpg","type":"image\/jpeg"}],"twitter_card":"summary_large_image","twitter_misc":{"Est. reading time":"2 minutes"},"schema":{"@context":"https:\/\/schema.org","@graph":[{"@type":"WebPage","@id":"https:\/\/apavoshoes.com\/en\/produkt\/polbuty-barefoot-damskie-becky-bezowy-welur-apavo\/","url":"https:\/\/apavoshoes.com\/en\/produkt\/polbuty-barefoot-damskie-becky-bezowy-welur-apavo\/","name":"P\u00f3\u0142buty barefoot damskie Becky \u2013 be\u017cowy welur | Apavo Barefoot - APAVO BAREFOOT","isPartOf":{"@id":"https:\/\/apavoshoes.com\/en\/#website"},"primaryImageOfPage":{"@id":"https:\/\/apavoshoes.com\/en\/produkt\/polbuty-barefoot-damskie-becky-bezowy-welur-apavo\/#primaryimage"},"image":{"@id":"https:\/\/apavoshoes.com\/en\/produkt\/polbuty-barefoot-damskie-becky-bezowy-welur-apavo\/#primaryimage"},"thumbnailUrl":"https:\/\/apavoshoes.com\/wp-content\/uploads\/2024\/03\/bez-nazwy-232-z-330-scaled.jpg","datePublished":"2024-03-11T19:45:30+00:00","dateModified":"2026-03-15T18:04:19+00:00","description":"P\u00f3\u0142buty Becky to wygodne buty z szerok\u0105 przestrzeni\u0105 na palce, co pozwala stopie na naturalne rozprzestrzenienie i wygodne ustawienie podczas chodzenia.\u00a0","breadcrumb":{"@id":"https:\/\/apavoshoes.com\/en\/produkt\/polbuty-barefoot-damskie-becky-bezowy-welur-apavo\/#breadcrumb"},"inLanguage":"en-US","potentialAction":[{"@type":"ReadAction","target":["https:\/\/apavoshoes.com\/en\/produkt\/polbuty-barefoot-damskie-becky-bezowy-welur-apavo\/"]}]},{"@type":"ImageObject","inLanguage":"en-US","@id":"https:\/\/apavoshoes.com\/en\/produkt\/polbuty-barefoot-damskie-becky-bezowy-welur-apavo\/#primaryimage","url":"https:\/\/apavoshoes.com\/wp-content\/uploads\/2024\/03\/bez-nazwy-232-z-330-scaled.jpg","contentUrl":"https:\/\/apavoshoes.com\/wp-content\/uploads\/2024\/03\/bez-nazwy-232-z-330-scaled.jpg","width":1706,"height":2560,"caption":"Detale welurowej cholewki i wykonania p\u00f3\u0142but\u00f3w Becky"},{"@type":"BreadcrumbList","@id":"https:\/\/apavoshoes.com\/en\/produkt\/polbuty-barefoot-damskie-becky-bezowy-welur-apavo\/#breadcrumb","itemListElement":[{"@type":"ListItem","position":1,"name":"Strona g\u0142\u00f3wna","item":"https:\/\/apavoshoes.com\/en\/"},{"@type":"ListItem","position":2,"name":"Shop","item":"https:\/\/apavoshoes.com\/en\/shop\/"},{"@type":"ListItem","position":3,"name":"P\u00f3\u0142buty barefoot damskie Becky \u2013 be\u017cowy welur | Apavo Barefoot"}]},{"@type":"WebSite","@id":"https:\/\/apavoshoes.com\/en\/#website","url":"https:\/\/apavoshoes.com\/en\/","name":"APAVO BAREFOOT","description":"","publisher":{"@id":"https:\/\/apavoshoes.com\/en\/#organization"},"potentialAction":[{"@type":"SearchAction","target":{"@type":"EntryPoint","urlTemplate":"https:\/\/apavoshoes.com\/en\/?s={search_term_string}"},"query-input":{"@type":"PropertyValueSpecification","valueRequired":true,"valueName":"search_term_string"}}],"inLanguage":"en-US"},{"@type":"Organization","@id":"https:\/\/apavoshoes.com\/en\/#organization","name":"APAVO BAREFOOT","url":"https:\/\/apavoshoes.com\/en\/","logo":{"@type":"ImageObject","inLanguage":"en-US","@id":"https:\/\/apavoshoes.com\/en\/#\/schema\/logo\/image\/","url":"https:\/\/apavoshoes.com\/wp-content\/uploads\/2021\/10\/cropped-logo-twoje.png","contentUrl":"https:\/\/apavoshoes.com\/wp-content\/uploads\/2021\/10\/cropped-logo-twoje.png","width":225,"height":53,"caption":"APAVO BAREFOOT"},"image":{"@id":"https:\/\/apavoshoes.com\/en\/#\/schema\/logo\/image\/"}}]}},"_links":{"self":[{"href":"https:\/\/apavoshoes.com\/en\/wp-json\/wp\/v2\/product\/1568","targetHints":{"allow":["GET"]}}],"collection":[{"href":"https:\/\/apavoshoes.com\/en\/wp-json\/wp\/v2\/product"}],"about":[{"href":"https:\/\/apavoshoes.com\/en\/wp-json\/wp\/v2\/types\/product"}],"replies":[{"embeddable":true,"href":"https:\/\/apavoshoes.com\/en\/wp-json\/wp\/v2\/comments?post=1568"}],"wp:featuredmedia":[{"embeddable":true,"href":"https:\/\/apavoshoes.com\/en\/wp-json\/wp\/v2\/media\/1573"}],"wp:attachment":[{"href":"https:\/\/apavoshoes.com\/en\/wp-json\/wp\/v2\/media?parent=1568"}],"wp:term":[{"taxonomy":"product_brand","embeddable":true,"href":"https:\/\/apavoshoes.com\/en\/wp-json\/wp\/v2\/product_brand?post=1568"},{"taxonomy":"product_cat","embeddable":true,"href":"https:\/\/apavoshoes.com\/en\/wp-json\/wp\/v2\/product_cat?post=1568"},{"taxonomy":"product_tag","embeddable":true,"href":"https:\/\/apavoshoes.com\/en\/wp-json\/wp\/v2\/product_tag?post=1568"}],"curies":[{"name":"wp","href":"https:\/\/api.w.org\/{rel}","templated":true}]}}