{"id":1581,"date":"2024-03-11T21:03:15","date_gmt":"2024-03-11T20:03:15","guid":{"rendered":"https:\/\/apavoshoes.com\/?post_type=product&#038;p=1581"},"modified":"2026-03-15T19:41:39","modified_gmt":"2026-03-15T18:41:39","slug":"polbuty-zola-jasny-roz","status":"publish","type":"product","link":"https:\/\/apavoshoes.com\/en\/produkt\/polbuty-zola-jasny-roz\/","title":{"rendered":"P\u00f3\u0142buty barefoot damskie Zola \u2013 jasnor\u00f3\u017cowe trampki | Apavo Barefoot"},"content":{"rendered":"<h1 data-section-id=\"sdz6q2\" data-start=\"1098\" data-end=\"1168\">P\u00f3\u0142buty barefoot damskie Zola \u2013 klasyczne trampki w kobiecym kolorze<\/h1>\n<p data-start=\"1170\" data-end=\"1353\">Model Zola to trampki w minimalistycznym stylu, kt\u00f3re doskonale sprawdzaj\u0105 si\u0119 w codziennych stylizacjach. Jasnor\u00f3\u017cowa sk\u00f3ra nadaje butom \u015bwie\u017co\u015bci i subtelnego, kobiecego charakteru.<\/p>\n<p data-start=\"1355\" data-end=\"1463\">Prosta forma sprawia, \u017ce model pozostaje bardzo uniwersalny, a jednocze\u015bnie wyr\u00f3\u017cnia si\u0119 delikatnym kolorem.<\/p>\n<p data-start=\"1465\" data-end=\"1605\">To p\u00f3\u0142buty barefoot damskie stworzone dla kobiet, kt\u00f3re chc\u0105 nosi\u0107 wygodne trampki ka\u017cdego dnia, ale jednocze\u015bnie doda\u0107 stylizacji lekko\u015bci.<\/p>\n<hr data-start=\"1607\" data-end=\"1610\" \/>\n<h1 data-section-id=\"rb7k4d\" data-start=\"1612\" data-end=\"1644\">Kolor, kt\u00f3ry o\u017cywia stylizacj\u0119<\/h1>\n<p data-start=\"1646\" data-end=\"1756\">Jasny r\u00f3\u017c to kolor subtelny, \u015bwie\u017cy i bardzo modowy. Rozja\u015bnia stylizacj\u0119 i dodaje jej delikatnego charakteru.<\/p>\n<p data-start=\"1758\" data-end=\"1813\">P\u00f3\u0142buty barefoot damskie Zola \u015bwietnie komponuj\u0105 si\u0119 z:<\/p>\n<p data-start=\"1815\" data-end=\"2008\">\u2022 jasnymi jeansami i bia\u0142ym t-shirtem<br data-start=\"1852\" data-end=\"1855\" \/>\u2022 stylizacjami w odcieniach be\u017cu i kremu<br data-start=\"1895\" data-end=\"1898\" \/>\u2022 minimalistycznymi stylizacjami miejskimi<br data-start=\"1940\" data-end=\"1943\" \/>\u2022 sukienkami casual lub dzianinowymi<br data-start=\"1979\" data-end=\"1982\" \/>\u2022 stylizacjami kapsu\u0142owymi<\/p>\n<p data-start=\"2010\" data-end=\"2067\">To trampki, kt\u00f3re dodaj\u0105 stylizacji lekko\u015bci i \u015bwie\u017co\u015bci.<\/p>\n<hr data-start=\"2069\" data-end=\"2072\" \/>\n<h1 data-section-id=\"1aullpi\" data-start=\"2074\" data-end=\"2111\">Jak stylizowa\u0107 r\u00f3\u017cowe trampki Zola?<\/h1>\n<p data-start=\"2113\" data-end=\"2187\">Model Zola \u015bwietnie odnajduje si\u0119 w stylizacjach casual oraz smart casual.<\/p>\n<p data-start=\"2189\" data-end=\"2207\">Mo\u017cesz nosi\u0107 je z:<\/p>\n<p data-start=\"2209\" data-end=\"2269\">\u2022 <strong data-start=\"2211\" data-end=\"2242\">jeansami i koszul\u0105 oversize<\/strong> \u2013 klasyczny miejski styl<\/p>\n<p data-start=\"2271\" data-end=\"2335\">\u2022 <strong data-start=\"2273\" data-end=\"2305\">be\u017cowymi spodniami i swetrem<\/strong> \u2013 minimalistyczna elegancja<\/p>\n<p data-start=\"2337\" data-end=\"2383\">\u2022 <strong data-start=\"2339\" data-end=\"2361\">lnianymi zestawami<\/strong> \u2013 styl slow fashion<\/p>\n<p data-start=\"2385\" data-end=\"2427\">\u2022 <strong data-start=\"2387\" data-end=\"2427\">sukienk\u0105 midi lub sukienk\u0105 koszulow\u0105<\/strong><\/p>\n<p data-start=\"2429\" data-end=\"2514\">To model, kt\u00f3ry pokazuje, \u017ce <strong data-start=\"2458\" data-end=\"2513\">buty barefoot mog\u0105 wygl\u0105da\u0107 stylowo i bardzo modowo<\/strong>.<\/p>\n<hr data-start=\"2516\" data-end=\"2519\" \/>\n<h1 data-section-id=\"r3egji\" data-start=\"2521\" data-end=\"2562\">Komfort barefoot \u2013 naturalny ruch stopy<\/h1>\n<p data-start=\"2564\" data-end=\"2688\">Model Zola zosta\u0142 zaprojektowany zgodnie z filozofi\u0105 barefoot, kt\u00f3ra pozwala stopie pracowa\u0107 w najbardziej naturalny spos\u00f3b.<\/p>\n<p data-start=\"2690\" data-end=\"2736\">Dlatego p\u00f3\u0142buty barefoot damskie Zola oferuj\u0105:<\/p>\n<p data-start=\"2738\" data-end=\"2805\">\u2022 szeroki prz\u00f3d buta zapewniaj\u0105cy naturaln\u0105 przestrze\u0144 dla palc\u00f3w<\/p>\n<p data-start=\"2807\" data-end=\"2867\">\u2022 cienk\u0105 i elastyczn\u0105 podeszw\u0119 poprawiaj\u0105c\u0105 czucie pod\u0142o\u017ca<\/p>\n<p data-start=\"2869\" data-end=\"2939\">\u2022 p\u0142ask\u0105 podeszw\u0119 (zero drop), kt\u00f3ra wspiera naturaln\u0105 postaw\u0119 cia\u0142a<\/p>\n<p data-start=\"2941\" data-end=\"2998\">\u2022 lekk\u0105 konstrukcj\u0119 zapewniaj\u0105c\u0105 komfort przez ca\u0142y dzie\u0144<\/p>\n<p data-start=\"3000\" data-end=\"3123\">Dodatkowo gumowa podeszwa zosta\u0142a przyszyta do cholewki, co zwi\u0119ksza trwa\u0142o\u015b\u0107 obuwia.<\/p>\n<hr data-start=\"3125\" data-end=\"3128\" \/>\n<h1 data-section-id=\"m450x1\" data-start=\"3130\" data-end=\"3181\">Dlaczego pokochasz p\u00f3\u0142buty barefoot damskie Zola?<\/h1>\n<p data-start=\"3183\" data-end=\"3240\">\u2022 <strong data-start=\"3185\" data-end=\"3240\">klasyczne trampki w delikatnym jasnor\u00f3\u017cowym kolorze<\/strong><\/p>\n<p data-start=\"3242\" data-end=\"3299\">\u2022 <strong data-start=\"3244\" data-end=\"3299\">minimalistyczny design pasuj\u0105cy do wielu stylizacji<\/strong><\/p>\n<p data-start=\"3301\" data-end=\"3340\">\u2022 <strong data-start=\"3303\" data-end=\"3340\">lekko\u015b\u0107 i wygoda przez ca\u0142y dzie\u0144<\/strong><\/p>\n<p data-start=\"3342\" data-end=\"3389\">\u2022 <strong data-start=\"3344\" data-end=\"3389\">naturalna sk\u00f3ra dopasowuj\u0105ca si\u0119 do stopy<\/strong><\/p>\n<p data-start=\"3391\" data-end=\"3434\">\u2022 <strong data-start=\"3393\" data-end=\"3434\">model idealny do codziennego noszenia<\/strong><\/p>\n<p data-start=\"3436\" data-end=\"3472\">\u2022 <strong data-start=\"3438\" data-end=\"3472\">barefoot, kt\u00f3ry wygl\u0105da modowo<\/strong><\/p>\n<hr data-start=\"3474\" data-end=\"3477\" \/>\n<h1 data-section-id=\"1mcvslm\" data-start=\"3479\" data-end=\"3499\">Szczeg\u00f3\u0142y produktu<\/h1>\n<p data-start=\"3501\" data-end=\"3743\">Cholewka: sk\u00f3ra naturalna<br data-start=\"3526\" data-end=\"3529\" \/>Kolor: jasny r\u00f3\u017c<br data-start=\"3545\" data-end=\"3548\" \/>Wn\u0119trze: materia\u0142 oddychaj\u0105cy \/ sk\u00f3ra naturalna<br data-start=\"3595\" data-end=\"3598\" \/>Podeszwa: gumowa podeszwa barefoot przyszyta do cholewki<br data-start=\"3654\" data-end=\"3657\" \/>Drop: 0 mm<br data-start=\"3667\" data-end=\"3670\" \/>Toe box: szeroki, anatomiczny<br data-start=\"3699\" data-end=\"3702\" \/>Produkcja: Polska<br data-start=\"3719\" data-end=\"3722\" \/>Marka: Apavo Barefoot<\/p>\n","protected":false},"excerpt":{"rendered":"<p data-start=\"577\" data-end=\"828\">P\u00f3\u0142buty barefoot damskie Zola w kolorze jasnego r\u00f3\u017cu to klasyczne trampki w kobiecym, lekkim wydaniu. Naturalna sk\u00f3ra, minimalistyczny design i elastyczna podeszwa barefoot sprawiaj\u0105, \u017ce model \u0142\u0105czy ponadczasowy styl z komfortem naturalnego chodzenia.<\/p>\n<p data-start=\"830\" data-end=\"889\">To uniwersalne sneakersy stworzone do codziennego noszenia.<\/p>\n","protected":false},"featured_media":1587,"comment_status":"open","ping_status":"closed","template":"","meta":{"ocean_post_layout":"","ocean_both_sidebars_style":"","ocean_both_sidebars_content_width":0,"ocean_both_sidebars_sidebars_width":0,"ocean_sidebar":"0","ocean_second_sidebar":"0","ocean_disable_margins":"enable","ocean_add_body_class":"","ocean_shortcode_before_top_bar":"","ocean_shortcode_after_top_bar":"","ocean_shortcode_before_header":"","ocean_shortcode_after_header":"","ocean_has_shortcode":"","ocean_shortcode_after_title":"","ocean_shortcode_before_footer_widgets":"","ocean_shortcode_after_footer_widgets":"","ocean_shortcode_before_footer_bottom":"","ocean_shortcode_after_footer_bottom":"","ocean_display_top_bar":"default","ocean_display_header":"default","ocean_header_style":"","ocean_center_header_left_menu":"0","ocean_custom_header_template":"0","ocean_custom_logo":0,"ocean_custom_retina_logo":0,"ocean_custom_logo_max_width":0,"ocean_custom_logo_tablet_max_width":0,"ocean_custom_logo_mobile_max_width":0,"ocean_custom_logo_max_height":0,"ocean_custom_logo_tablet_max_height":0,"ocean_custom_logo_mobile_max_height":0,"ocean_header_custom_menu":"0","ocean_menu_typo_font_family":"0","ocean_menu_typo_font_subset":"","ocean_menu_typo_font_size":0,"ocean_menu_typo_font_size_tablet":0,"ocean_menu_typo_font_size_mobile":0,"ocean_menu_typo_font_size_unit":"px","ocean_menu_typo_font_weight":"","ocean_menu_typo_font_weight_tablet":"","ocean_menu_typo_font_weight_mobile":"","ocean_menu_typo_transform":"","ocean_menu_typo_transform_tablet":"","ocean_menu_typo_transform_mobile":"","ocean_menu_typo_line_height":0,"ocean_menu_typo_line_height_tablet":0,"ocean_menu_typo_line_height_mobile":0,"ocean_menu_typo_line_height_unit":"","ocean_menu_typo_spacing":0,"ocean_menu_typo_spacing_tablet":0,"ocean_menu_typo_spacing_mobile":0,"ocean_menu_typo_spacing_unit":"","ocean_menu_link_color":"","ocean_menu_link_color_hover":"","ocean_menu_link_color_active":"","ocean_menu_link_background":"","ocean_menu_link_hover_background":"","ocean_menu_link_active_background":"","ocean_menu_social_links_bg":"","ocean_menu_social_hover_links_bg":"","ocean_menu_social_links_color":"","ocean_menu_social_hover_links_color":"","ocean_disable_title":"default","ocean_disable_heading":"default","ocean_post_title":"","ocean_post_subheading":"","ocean_post_title_style":"","ocean_post_title_background_color":"","ocean_post_title_background":0,"ocean_post_title_bg_image_position":"","ocean_post_title_bg_image_attachment":"","ocean_post_title_bg_image_repeat":"","ocean_post_title_bg_image_size":"","ocean_post_title_height":0,"ocean_post_title_bg_overlay":0.5,"ocean_post_title_bg_overlay_color":"","ocean_disable_breadcrumbs":"default","ocean_breadcrumbs_color":"","ocean_breadcrumbs_separator_color":"","ocean_breadcrumbs_links_color":"","ocean_breadcrumbs_links_hover_color":"","ocean_display_footer_widgets":"default","ocean_display_footer_bottom":"default","ocean_custom_footer_template":"0"},"product_brand":[],"product_cat":[62],"product_tag":[],"class_list":{"0":"post-1581","1":"product","2":"type-product","3":"status-publish","4":"has-post-thumbnail","6":"product_cat-polbuty","8":"entry","9":"has-media","11":"first","12":"instock","13":"shipping-taxable","14":"purchasable","15":"product-type-variable","16":"wvs-archive-product-wrapper","17":"has-product-nav","18":"col","19":"span_1_of_3","20":"owp-content-center","21":"owp-thumbs-layout-horizontal","22":"owp-btn-normal","23":"owp-tabs-layout-vertical"},"yoast_head":"<!-- This site is optimized with the Yoast SEO plugin v27.4 - https:\/\/yoast.com\/product\/yoast-seo-wordpress\/ -->\n<title>P\u00f3\u0142buty barefoot damskie Zola \u2013 jasnor\u00f3\u017cowe trampki | Apavo Barefoot - APAVO BAREFOOT<\/title>\n<meta name=\"description\" content=\"P\u00f3\u0142buty barefoot damskie Zola \u2013 jasnor\u00f3\u017cowe trampki z naturalnej sk\u00f3ry. Lekko\u015b\u0107 i naturalny komfort chodzenia od Apavo Barefoot.Slug\" \/>\n<meta name=\"robots\" content=\"index, follow, max-snippet:-1, max-image-preview:large, max-video-preview:-1\" \/>\n<link rel=\"canonical\" href=\"https:\/\/apavoshoes.com\/en\/produkt\/polbuty-zola-jasny-roz\/\" \/>\n<meta property=\"og:locale\" content=\"en_US\" \/>\n<meta property=\"og:type\" content=\"article\" \/>\n<meta property=\"og:title\" content=\"P\u00f3\u0142buty barefoot damskie Zola \u2013 jasnor\u00f3\u017cowe trampki | Apavo Barefoot - APAVO BAREFOOT\" \/>\n<meta property=\"og:description\" content=\"P\u00f3\u0142buty barefoot damskie Zola \u2013 jasnor\u00f3\u017cowe trampki z naturalnej sk\u00f3ry. Lekko\u015b\u0107 i naturalny komfort chodzenia od Apavo Barefoot.Slug\" \/>\n<meta property=\"og:url\" content=\"https:\/\/apavoshoes.com\/en\/produkt\/polbuty-zola-jasny-roz\/\" \/>\n<meta property=\"og:site_name\" content=\"APAVO BAREFOOT\" \/>\n<meta property=\"article:modified_time\" content=\"2026-03-15T18:41:39+00:00\" \/>\n<meta property=\"og:image\" content=\"https:\/\/apavoshoes.com\/wp-content\/uploads\/2024\/03\/bez-nazwy-257-z-330-1-scaled.jpg\" \/>\n\t<meta property=\"og:image:width\" content=\"1707\" \/>\n\t<meta property=\"og:image:height\" content=\"2560\" \/>\n\t<meta property=\"og:image:type\" content=\"image\/jpeg\" \/>\n<meta name=\"twitter:card\" content=\"summary_large_image\" \/>\n<meta name=\"twitter:label1\" content=\"Est. reading time\" \/>\n\t<meta name=\"twitter:data1\" content=\"3 minutes\" \/>\n<script type=\"application\/ld+json\" class=\"yoast-schema-graph\">{\"@context\":\"https:\\\/\\\/schema.org\",\"@graph\":[{\"@type\":\"WebPage\",\"@id\":\"https:\\\/\\\/apavoshoes.com\\\/en\\\/produkt\\\/polbuty-zola-jasny-roz\\\/\",\"url\":\"https:\\\/\\\/apavoshoes.com\\\/en\\\/produkt\\\/polbuty-zola-jasny-roz\\\/\",\"name\":\"P\u00f3\u0142buty barefoot damskie Zola \u2013 jasnor\u00f3\u017cowe trampki | Apavo Barefoot - APAVO BAREFOOT\",\"isPartOf\":{\"@id\":\"https:\\\/\\\/apavoshoes.com\\\/en\\\/#website\"},\"primaryImageOfPage\":{\"@id\":\"https:\\\/\\\/apavoshoes.com\\\/en\\\/produkt\\\/polbuty-zola-jasny-roz\\\/#primaryimage\"},\"image\":{\"@id\":\"https:\\\/\\\/apavoshoes.com\\\/en\\\/produkt\\\/polbuty-zola-jasny-roz\\\/#primaryimage\"},\"thumbnailUrl\":\"https:\\\/\\\/apavoshoes.com\\\/wp-content\\\/uploads\\\/2024\\\/03\\\/bez-nazwy-257-z-330-1-scaled.jpg\",\"datePublished\":\"2024-03-11T20:03:15+00:00\",\"dateModified\":\"2026-03-15T18:41:39+00:00\",\"description\":\"P\u00f3\u0142buty barefoot damskie Zola \u2013 jasnor\u00f3\u017cowe trampki z naturalnej sk\u00f3ry. Lekko\u015b\u0107 i naturalny komfort chodzenia od Apavo Barefoot.Slug\",\"breadcrumb\":{\"@id\":\"https:\\\/\\\/apavoshoes.com\\\/en\\\/produkt\\\/polbuty-zola-jasny-roz\\\/#breadcrumb\"},\"inLanguage\":\"en-US\",\"potentialAction\":[{\"@type\":\"ReadAction\",\"target\":[\"https:\\\/\\\/apavoshoes.com\\\/en\\\/produkt\\\/polbuty-zola-jasny-roz\\\/\"]}]},{\"@type\":\"ImageObject\",\"inLanguage\":\"en-US\",\"@id\":\"https:\\\/\\\/apavoshoes.com\\\/en\\\/produkt\\\/polbuty-zola-jasny-roz\\\/#primaryimage\",\"url\":\"https:\\\/\\\/apavoshoes.com\\\/wp-content\\\/uploads\\\/2024\\\/03\\\/bez-nazwy-257-z-330-1-scaled.jpg\",\"contentUrl\":\"https:\\\/\\\/apavoshoes.com\\\/wp-content\\\/uploads\\\/2024\\\/03\\\/bez-nazwy-257-z-330-1-scaled.jpg\",\"width\":1707,\"height\":2560},{\"@type\":\"BreadcrumbList\",\"@id\":\"https:\\\/\\\/apavoshoes.com\\\/en\\\/produkt\\\/polbuty-zola-jasny-roz\\\/#breadcrumb\",\"itemListElement\":[{\"@type\":\"ListItem\",\"position\":1,\"name\":\"Strona g\u0142\u00f3wna\",\"item\":\"https:\\\/\\\/apavoshoes.com\\\/en\\\/\"},{\"@type\":\"ListItem\",\"position\":2,\"name\":\"Shop\",\"item\":\"https:\\\/\\\/apavoshoes.com\\\/en\\\/shop\\\/\"},{\"@type\":\"ListItem\",\"position\":3,\"name\":\"P\u00f3\u0142buty barefoot damskie Zola \u2013 jasnor\u00f3\u017cowe trampki | Apavo Barefoot\"}]},{\"@type\":\"WebSite\",\"@id\":\"https:\\\/\\\/apavoshoes.com\\\/en\\\/#website\",\"url\":\"https:\\\/\\\/apavoshoes.com\\\/en\\\/\",\"name\":\"APAVO BAREFOOT\",\"description\":\"\",\"publisher\":{\"@id\":\"https:\\\/\\\/apavoshoes.com\\\/en\\\/#organization\"},\"potentialAction\":[{\"@type\":\"SearchAction\",\"target\":{\"@type\":\"EntryPoint\",\"urlTemplate\":\"https:\\\/\\\/apavoshoes.com\\\/en\\\/?s={search_term_string}\"},\"query-input\":{\"@type\":\"PropertyValueSpecification\",\"valueRequired\":true,\"valueName\":\"search_term_string\"}}],\"inLanguage\":\"en-US\"},{\"@type\":\"Organization\",\"@id\":\"https:\\\/\\\/apavoshoes.com\\\/en\\\/#organization\",\"name\":\"APAVO BAREFOOT\",\"url\":\"https:\\\/\\\/apavoshoes.com\\\/en\\\/\",\"logo\":{\"@type\":\"ImageObject\",\"inLanguage\":\"en-US\",\"@id\":\"https:\\\/\\\/apavoshoes.com\\\/en\\\/#\\\/schema\\\/logo\\\/image\\\/\",\"url\":\"https:\\\/\\\/apavoshoes.com\\\/wp-content\\\/uploads\\\/2021\\\/10\\\/cropped-logo-twoje.png\",\"contentUrl\":\"https:\\\/\\\/apavoshoes.com\\\/wp-content\\\/uploads\\\/2021\\\/10\\\/cropped-logo-twoje.png\",\"width\":225,\"height\":53,\"caption\":\"APAVO BAREFOOT\"},\"image\":{\"@id\":\"https:\\\/\\\/apavoshoes.com\\\/en\\\/#\\\/schema\\\/logo\\\/image\\\/\"}}]}<\/script>\n<!-- \/ Yoast SEO plugin. -->","yoast_head_json":{"title":"P\u00f3\u0142buty barefoot damskie Zola \u2013 jasnor\u00f3\u017cowe trampki | Apavo Barefoot - APAVO BAREFOOT","description":"P\u00f3\u0142buty barefoot damskie Zola \u2013 jasnor\u00f3\u017cowe trampki z naturalnej sk\u00f3ry. Lekko\u015b\u0107 i naturalny komfort chodzenia od Apavo Barefoot.Slug","robots":{"index":"index","follow":"follow","max-snippet":"max-snippet:-1","max-image-preview":"max-image-preview:large","max-video-preview":"max-video-preview:-1"},"canonical":"https:\/\/apavoshoes.com\/en\/produkt\/polbuty-zola-jasny-roz\/","og_locale":"en_US","og_type":"article","og_title":"P\u00f3\u0142buty barefoot damskie Zola \u2013 jasnor\u00f3\u017cowe trampki | Apavo Barefoot - APAVO BAREFOOT","og_description":"P\u00f3\u0142buty barefoot damskie Zola \u2013 jasnor\u00f3\u017cowe trampki z naturalnej sk\u00f3ry. Lekko\u015b\u0107 i naturalny komfort chodzenia od Apavo Barefoot.Slug","og_url":"https:\/\/apavoshoes.com\/en\/produkt\/polbuty-zola-jasny-roz\/","og_site_name":"APAVO BAREFOOT","article_modified_time":"2026-03-15T18:41:39+00:00","og_image":[{"width":1707,"height":2560,"url":"https:\/\/apavoshoes.com\/wp-content\/uploads\/2024\/03\/bez-nazwy-257-z-330-1-scaled.jpg","type":"image\/jpeg"}],"twitter_card":"summary_large_image","twitter_misc":{"Est. reading time":"3 minutes"},"schema":{"@context":"https:\/\/schema.org","@graph":[{"@type":"WebPage","@id":"https:\/\/apavoshoes.com\/en\/produkt\/polbuty-zola-jasny-roz\/","url":"https:\/\/apavoshoes.com\/en\/produkt\/polbuty-zola-jasny-roz\/","name":"P\u00f3\u0142buty barefoot damskie Zola \u2013 jasnor\u00f3\u017cowe trampki | Apavo Barefoot - APAVO BAREFOOT","isPartOf":{"@id":"https:\/\/apavoshoes.com\/en\/#website"},"primaryImageOfPage":{"@id":"https:\/\/apavoshoes.com\/en\/produkt\/polbuty-zola-jasny-roz\/#primaryimage"},"image":{"@id":"https:\/\/apavoshoes.com\/en\/produkt\/polbuty-zola-jasny-roz\/#primaryimage"},"thumbnailUrl":"https:\/\/apavoshoes.com\/wp-content\/uploads\/2024\/03\/bez-nazwy-257-z-330-1-scaled.jpg","datePublished":"2024-03-11T20:03:15+00:00","dateModified":"2026-03-15T18:41:39+00:00","description":"P\u00f3\u0142buty barefoot damskie Zola \u2013 jasnor\u00f3\u017cowe trampki z naturalnej sk\u00f3ry. Lekko\u015b\u0107 i naturalny komfort chodzenia od Apavo Barefoot.Slug","breadcrumb":{"@id":"https:\/\/apavoshoes.com\/en\/produkt\/polbuty-zola-jasny-roz\/#breadcrumb"},"inLanguage":"en-US","potentialAction":[{"@type":"ReadAction","target":["https:\/\/apavoshoes.com\/en\/produkt\/polbuty-zola-jasny-roz\/"]}]},{"@type":"ImageObject","inLanguage":"en-US","@id":"https:\/\/apavoshoes.com\/en\/produkt\/polbuty-zola-jasny-roz\/#primaryimage","url":"https:\/\/apavoshoes.com\/wp-content\/uploads\/2024\/03\/bez-nazwy-257-z-330-1-scaled.jpg","contentUrl":"https:\/\/apavoshoes.com\/wp-content\/uploads\/2024\/03\/bez-nazwy-257-z-330-1-scaled.jpg","width":1707,"height":2560},{"@type":"BreadcrumbList","@id":"https:\/\/apavoshoes.com\/en\/produkt\/polbuty-zola-jasny-roz\/#breadcrumb","itemListElement":[{"@type":"ListItem","position":1,"name":"Strona g\u0142\u00f3wna","item":"https:\/\/apavoshoes.com\/en\/"},{"@type":"ListItem","position":2,"name":"Shop","item":"https:\/\/apavoshoes.com\/en\/shop\/"},{"@type":"ListItem","position":3,"name":"P\u00f3\u0142buty barefoot damskie Zola \u2013 jasnor\u00f3\u017cowe trampki | Apavo Barefoot"}]},{"@type":"WebSite","@id":"https:\/\/apavoshoes.com\/en\/#website","url":"https:\/\/apavoshoes.com\/en\/","name":"APAVO BAREFOOT","description":"","publisher":{"@id":"https:\/\/apavoshoes.com\/en\/#organization"},"potentialAction":[{"@type":"SearchAction","target":{"@type":"EntryPoint","urlTemplate":"https:\/\/apavoshoes.com\/en\/?s={search_term_string}"},"query-input":{"@type":"PropertyValueSpecification","valueRequired":true,"valueName":"search_term_string"}}],"inLanguage":"en-US"},{"@type":"Organization","@id":"https:\/\/apavoshoes.com\/en\/#organization","name":"APAVO BAREFOOT","url":"https:\/\/apavoshoes.com\/en\/","logo":{"@type":"ImageObject","inLanguage":"en-US","@id":"https:\/\/apavoshoes.com\/en\/#\/schema\/logo\/image\/","url":"https:\/\/apavoshoes.com\/wp-content\/uploads\/2021\/10\/cropped-logo-twoje.png","contentUrl":"https:\/\/apavoshoes.com\/wp-content\/uploads\/2021\/10\/cropped-logo-twoje.png","width":225,"height":53,"caption":"APAVO BAREFOOT"},"image":{"@id":"https:\/\/apavoshoes.com\/en\/#\/schema\/logo\/image\/"}}]}},"_links":{"self":[{"href":"https:\/\/apavoshoes.com\/en\/wp-json\/wp\/v2\/product\/1581","targetHints":{"allow":["GET"]}}],"collection":[{"href":"https:\/\/apavoshoes.com\/en\/wp-json\/wp\/v2\/product"}],"about":[{"href":"https:\/\/apavoshoes.com\/en\/wp-json\/wp\/v2\/types\/product"}],"replies":[{"embeddable":true,"href":"https:\/\/apavoshoes.com\/en\/wp-json\/wp\/v2\/comments?post=1581"}],"wp:featuredmedia":[{"embeddable":true,"href":"https:\/\/apavoshoes.com\/en\/wp-json\/wp\/v2\/media\/1587"}],"wp:attachment":[{"href":"https:\/\/apavoshoes.com\/en\/wp-json\/wp\/v2\/media?parent=1581"}],"wp:term":[{"taxonomy":"product_brand","embeddable":true,"href":"https:\/\/apavoshoes.com\/en\/wp-json\/wp\/v2\/product_brand?post=1581"},{"taxonomy":"product_cat","embeddable":true,"href":"https:\/\/apavoshoes.com\/en\/wp-json\/wp\/v2\/product_cat?post=1581"},{"taxonomy":"product_tag","embeddable":true,"href":"https:\/\/apavoshoes.com\/en\/wp-json\/wp\/v2\/product_tag?post=1581"}],"curies":[{"name":"wp","href":"https:\/\/api.w.org\/{rel}","templated":true}]}}