{"id":4448,"date":"2025-07-09T23:13:54","date_gmt":"2025-07-09T21:13:54","guid":{"rendered":"https:\/\/apavoshoes.com\/?post_type=product&#038;p=4448"},"modified":"2026-03-09T21:41:42","modified_gmt":"2026-03-09T20:41:42","slug":"sandaly-camille-roz","status":"publish","type":"product","link":"https:\/\/apavoshoes.com\/en\/produkt\/sandaly-camille-roz\/","title":{"rendered":"Sanda\u0142y barefoot damskie Camille \u2013 r\u00f3\u017cowe | APAVO Barefoot"},"content":{"rendered":"<div class=\"woocommerce-tabs wc-tabs-wrapper\">\n<div id=\"tab-description\" class=\"woocommerce-Tabs-panel woocommerce-Tabs-panel--description panel entry-content wc-tab\" role=\"tabpanel\" aria-labelledby=\"tab-title-description\">\n<h1 data-section-id=\"80ka0t\" data-start=\"208\" data-end=\"268\">Sanda\u0142y barefoot damskie Camille \u2013 r\u00f3\u017cowe | APAVO Barefoot<\/h1>\n<p data-start=\"270\" data-end=\"527\">Model <strong data-start=\"276\" data-end=\"287\">Camille<\/strong> w kolorze r\u00f3\u017cowym to lekkie i wygodne sanda\u0142y barefoot stworzone z my\u015bl\u0105 o naturalnym komforcie chodzenia w ciep\u0142e dni. Subtelny r\u00f3\u017cowy odcie\u0144 nadaje im kobiecego i \u015bwie\u017cego charakteru, dzi\u0119ki czemu doskonale uzupe\u0142niaj\u0105 letnie stylizacje.<\/p>\n<p data-start=\"529\" data-end=\"786\">Minimalistyczna konstrukcja, szeroki prz\u00f3d dla palc\u00f3w oraz elastyczna podeszwa pozwalaj\u0105 stopie pracowa\u0107 w spos\u00f3b najbardziej zbli\u017cony do chodzenia boso. Dzi\u0119ki temu sanda\u0142y Camille zapewniaj\u0105 wygod\u0119 oraz naturalny ruch stopy podczas codziennych aktywno\u015bci.<\/p>\n<p data-start=\"788\" data-end=\"888\">To idealne po\u0142\u0105czenie <strong data-start=\"810\" data-end=\"887\">naturalnej funkcjonalno\u015bci obuwia barefoot oraz lekkiego, kobiecego stylu<\/strong>.<\/p>\n<hr data-start=\"890\" data-end=\"893\" \/>\n<h1 data-section-id=\"178gdug\" data-start=\"895\" data-end=\"928\">Naturalna przestrze\u0144 dla palc\u00f3w<\/h1>\n<p data-start=\"930\" data-end=\"1054\">Jedn\u0105 z najwa\u017cniejszych cech obuwia barefoot jest szeroki prz\u00f3d buta, kt\u00f3ry pozwala palcom uk\u0142ada\u0107 si\u0119 w naturalnej pozycji.<\/p>\n<p data-start=\"1056\" data-end=\"1199\">W modelu <strong data-start=\"1065\" data-end=\"1076\">Camille<\/strong> palce maj\u0105 odpowiedni\u0105 przestrze\u0144 do swobodnego ruchu, co wspiera stabilno\u015b\u0107 oraz naturaln\u0105 prac\u0119 stopy podczas chodzenia.<\/p>\n<p data-start=\"1201\" data-end=\"1336\">Elastyczna podeszwa umo\u017cliwia naturalne zginanie stopy przy ka\u017cdym kroku i pozwala mi\u0119\u015bniom stopy pracowa\u0107 w spos\u00f3b bardziej naturalny.<\/p>\n<hr data-start=\"1338\" data-end=\"1341\" \/>\n<h1 data-section-id=\"15w2boy\" data-start=\"1343\" data-end=\"1384\">Regulowane klamry \u2013 idealne dopasowanie<\/h1>\n<p data-start=\"1386\" data-end=\"1516\">Sanda\u0142y Camille wyposa\u017cone s\u0105 w <strong data-start=\"1418\" data-end=\"1444\">trzy regulowane klamry<\/strong>, kt\u00f3re umo\u017cliwiaj\u0105 dopasowanie obuwia do indywidualnego kszta\u0142tu stopy.<\/p>\n<p data-start=\"1518\" data-end=\"1572\">Dzi\u0119ki regulacji w trzech punktach sanda\u0142y zapewniaj\u0105:<\/p>\n<p data-start=\"1574\" data-end=\"1690\">\u2022 stabilne utrzymanie stopy<br data-start=\"1601\" data-end=\"1604\" \/>\u2022 dopasowanie do r\u00f3\u017cnych szeroko\u015bci stopy<br data-start=\"1645\" data-end=\"1648\" \/>\u2022 wygod\u0119 podczas wielogodzinnego chodzenia<\/p>\n<p data-start=\"1692\" data-end=\"1792\">To rozwi\u0105zanie sprawia, \u017ce model Camille jest komfortowy zar\u00f3wno dla w\u0119\u017cszych, jak i szerszych st\u00f3p.<\/p>\n<hr data-start=\"1794\" data-end=\"1797\" \/>\n<h1 data-section-id=\"1l4pa9m\" data-start=\"1799\" data-end=\"1834\">Mi\u0119kka wk\u0142adka ze sk\u00f3ry welurowej<\/h1>\n<p data-start=\"1836\" data-end=\"1920\">Wn\u0119trze sanda\u0142\u00f3w zosta\u0142o zaprojektowane z my\u015bl\u0105 o maksymalnym komforcie u\u017cytkowania.<\/p>\n<p data-start=\"1922\" data-end=\"2101\">Wk\u0142adka wykonana jest z <strong data-start=\"1946\" data-end=\"1979\">mi\u0119kkiej pianki amortyzuj\u0105cej<\/strong>, pokrytej <strong data-start=\"1990\" data-end=\"2018\">naturaln\u0105 sk\u00f3r\u0105 welurow\u0105<\/strong>. Dzi\u0119ki temu stopa ma przyjemne podparcie i mi\u0119kk\u0105 powierzchni\u0119 podczas chodzenia.<\/p>\n<p data-start=\"2103\" data-end=\"2184\">Naturalna sk\u00f3ra welurowa posiada bardzo dobre w\u0142a\u015bciwo\u015bci oddychaj\u0105ce, co pomaga:<\/p>\n<p data-start=\"2186\" data-end=\"2296\">\u2022 utrzyma\u0107 komfort termiczny stopy<br data-start=\"2220\" data-end=\"2223\" \/>\u2022 ograniczy\u0107 uczucie wilgoci<br data-start=\"2251\" data-end=\"2254\" \/>\u2022 zmniejszy\u0107 pocenie si\u0119 st\u00f3p w ciep\u0142e dni<\/p>\n<hr data-start=\"2298\" data-end=\"2301\" \/>\n<h1 data-section-id=\"h7prex\" data-start=\"2303\" data-end=\"2339\">Podeszwa barefoot \u2013 naturalny krok<\/h1>\n<p data-start=\"2341\" data-end=\"2464\">Model Camille posiada <strong data-start=\"2363\" data-end=\"2397\">p\u0142ask\u0105 podeszw\u0119 typu zero drop<\/strong>, co oznacza brak r\u00f3\u017cnicy wysoko\u015bci pomi\u0119dzy pi\u0119t\u0105 a przodem stopy.<\/p>\n<p data-start=\"2466\" data-end=\"2557\">Takie rozwi\u0105zanie wspiera naturaln\u0105 postaw\u0119 cia\u0142a oraz bardziej naturalny spos\u00f3b chodzenia.<\/p>\n<p data-start=\"2559\" data-end=\"2650\">Elastyczna podeszwa pozwala lepiej odczuwa\u0107 pod\u0142o\u017ce i wspiera naturaln\u0105 prac\u0119 mi\u0119\u015bni stopy.<\/p>\n<hr data-start=\"2652\" data-end=\"2655\" \/>\n<h1 data-section-id=\"1d83tqk\" data-start=\"2657\" data-end=\"2694\">Komfort polecany przez specjalist\u00f3w<\/h1>\n<p data-start=\"2696\" data-end=\"2847\">Obuwie barefoot jest coraz cz\u0119\u015bciej polecane przez fizjoterapeut\u00f3w, ortoped\u00f3w oraz podolog\u00f3w jako rozwi\u0105zanie wspieraj\u0105ce naturaln\u0105 biomechanik\u0119 stopy.<\/p>\n<p data-start=\"2849\" data-end=\"2877\">Buty barefoot mog\u0105 wspiera\u0107:<\/p>\n<p data-start=\"2879\" data-end=\"3014\">\u2022 wzmacnianie mi\u0119\u015bni st\u00f3p<br data-start=\"2904\" data-end=\"2907\" \/>\u2022 popraw\u0119 r\u00f3wnowagi i stabilno\u015bci<br data-start=\"2940\" data-end=\"2943\" \/>\u2022 zmniejszenie nacisku na palce<br data-start=\"2974\" data-end=\"2977\" \/>\u2022 wspieranie naturalnej postawy cia\u0142a<\/p>\n<hr data-start=\"3016\" data-end=\"3019\" \/>\n<h1 data-section-id=\"eg16b7\" data-start=\"3021\" data-end=\"3046\">Idealne sanda\u0142y na lato<\/h1>\n<p data-start=\"3048\" data-end=\"3163\">Lekka konstrukcja oraz oddychaj\u0105ce materia\u0142y sprawiaj\u0105, \u017ce sanda\u0142y <strong data-start=\"3115\" data-end=\"3126\">Camille<\/strong> s\u0105 doskona\u0142ym wyborem na ciep\u0142e dni.<\/p>\n<p data-start=\"3165\" data-end=\"3195\">Sprawdz\u0105 si\u0119 idealnie podczas:<\/p>\n<p data-start=\"3197\" data-end=\"3279\">\u2022 codziennych spacer\u00f3w<br data-start=\"3219\" data-end=\"3222\" \/>\u2022 wakacyjnych wyjazd\u00f3w<br data-start=\"3244\" data-end=\"3247\" \/>\u2022 podr\u00f3\u017cy<br data-start=\"3256\" data-end=\"3259\" \/>\u2022 letnich stylizacji<\/p>\n<p data-start=\"3281\" data-end=\"3342\">R\u00f3\u017cowy kolor dodaje sanda\u0142om lekko\u015bci i kobiecego charakteru.<\/p>\n<hr data-start=\"3344\" data-end=\"3347\" \/>\n<h1 data-section-id=\"4t1whm\" data-start=\"3349\" data-end=\"3360\">Materia\u0142y<\/h1>\n<p data-start=\"3362\" data-end=\"3510\">cholewka: naturalna sk\u00f3ra w kolorze r\u00f3\u017cowym<br data-start=\"3405\" data-end=\"3408\" \/>wk\u0142adka: mi\u0119kka pianka pokryta sk\u00f3r\u0105 welurow\u0105<br data-start=\"3453\" data-end=\"3456\" \/>podeszwa: elastyczna podeszwa barefoot<br data-start=\"3494\" data-end=\"3497\" \/>kolor: r\u00f3\u017cowy<\/p>\n<hr data-start=\"3512\" data-end=\"3515\" \/>\n<h1 data-section-id=\"14gwzu3\" data-start=\"3517\" data-end=\"3547\">Dla kogo s\u0105 sanda\u0142y Camille?<\/h1>\n<p data-start=\"3549\" data-end=\"3604\">Model Camille szczeg\u00f3lnie dobrze sprawdzi si\u0119 dla os\u00f3b:<\/p>\n<p data-start=\"3606\" data-end=\"3782\">\u2022 z szersz\u0105 stop\u0105<br data-start=\"3623\" data-end=\"3626\" \/>\u2022 z haluksami<br data-start=\"3639\" data-end=\"3642\" \/>\u2022 rozpoczynaj\u0105cych noszenie obuwia barefoot<br data-start=\"3685\" data-end=\"3688\" \/>\u2022 szukaj\u0105cych wygodnych sanda\u0142\u00f3w na lato<br data-start=\"3728\" data-end=\"3731\" \/>\u2022 ceni\u0105cych naturalne materia\u0142y i komfort chodzenia<\/p>\n<hr data-start=\"3784\" data-end=\"3787\" \/>\n<h1 data-section-id=\"lhqzur\" data-start=\"3789\" data-end=\"3835\">APAVO Barefoot \u2013 naturalny komfort chodzenia<\/h1>\n<p data-start=\"3837\" data-end=\"4058\">APAVO Barefoot to polska marka tworz\u0105ca obuwie inspirowane naturalnym ruchem stopy. Nasze buty projektujemy tak, aby zapewnia\u0142y wygod\u0119 chodzenia i pozwala\u0142y stopom pracowa\u0107 w spos\u00f3b najbardziej zbli\u017cony do chodzenia boso.<\/p>\n<\/div>\n<\/div>\n","protected":false},"excerpt":{"rendered":"<p>Sanda\u0142y barefoot damskie Camille w kolorze r\u00f3\u017cowym. Szeroki prz\u00f3d dla palc\u00f3w, podeszwa zero drop oraz mi\u0119kka wk\u0142adka z pianki pokrytej sk\u00f3r\u0105 welurow\u0105 zapewniaj\u0105 naturalny komfort chodzenia.<\/p>\n","protected":false},"featured_media":4462,"comment_status":"open","ping_status":"closed","template":"","meta":{"ocean_post_layout":"","ocean_both_sidebars_style":"","ocean_both_sidebars_content_width":0,"ocean_both_sidebars_sidebars_width":0,"ocean_sidebar":"0","ocean_second_sidebar":"0","ocean_disable_margins":"enable","ocean_add_body_class":"","ocean_shortcode_before_top_bar":"","ocean_shortcode_after_top_bar":"","ocean_shortcode_before_header":"","ocean_shortcode_after_header":"","ocean_has_shortcode":"","ocean_shortcode_after_title":"","ocean_shortcode_before_footer_widgets":"","ocean_shortcode_after_footer_widgets":"","ocean_shortcode_before_footer_bottom":"","ocean_shortcode_after_footer_bottom":"","ocean_display_top_bar":"default","ocean_display_header":"default","ocean_header_style":"","ocean_center_header_left_menu":"0","ocean_custom_header_template":"0","ocean_custom_logo":0,"ocean_custom_retina_logo":0,"ocean_custom_logo_max_width":0,"ocean_custom_logo_tablet_max_width":0,"ocean_custom_logo_mobile_max_width":0,"ocean_custom_logo_max_height":0,"ocean_custom_logo_tablet_max_height":0,"ocean_custom_logo_mobile_max_height":0,"ocean_header_custom_menu":"0","ocean_menu_typo_font_family":"0","ocean_menu_typo_font_subset":"","ocean_menu_typo_font_size":0,"ocean_menu_typo_font_size_tablet":0,"ocean_menu_typo_font_size_mobile":0,"ocean_menu_typo_font_size_unit":"px","ocean_menu_typo_font_weight":"","ocean_menu_typo_font_weight_tablet":"","ocean_menu_typo_font_weight_mobile":"","ocean_menu_typo_transform":"","ocean_menu_typo_transform_tablet":"","ocean_menu_typo_transform_mobile":"","ocean_menu_typo_line_height":0,"ocean_menu_typo_line_height_tablet":0,"ocean_menu_typo_line_height_mobile":0,"ocean_menu_typo_line_height_unit":"","ocean_menu_typo_spacing":0,"ocean_menu_typo_spacing_tablet":0,"ocean_menu_typo_spacing_mobile":0,"ocean_menu_typo_spacing_unit":"","ocean_menu_link_color":"","ocean_menu_link_color_hover":"","ocean_menu_link_color_active":"","ocean_menu_link_background":"","ocean_menu_link_hover_background":"","ocean_menu_link_active_background":"","ocean_menu_social_links_bg":"","ocean_menu_social_hover_links_bg":"","ocean_menu_social_links_color":"","ocean_menu_social_hover_links_color":"","ocean_disable_title":"default","ocean_disable_heading":"default","ocean_post_title":"","ocean_post_subheading":"","ocean_post_title_style":"","ocean_post_title_background_color":"","ocean_post_title_background":0,"ocean_post_title_bg_image_position":"","ocean_post_title_bg_image_attachment":"","ocean_post_title_bg_image_repeat":"","ocean_post_title_bg_image_size":"","ocean_post_title_height":0,"ocean_post_title_bg_overlay":0.5,"ocean_post_title_bg_overlay_color":"","ocean_disable_breadcrumbs":"default","ocean_breadcrumbs_color":"","ocean_breadcrumbs_separator_color":"","ocean_breadcrumbs_links_color":"","ocean_breadcrumbs_links_hover_color":"","ocean_display_footer_widgets":"default","ocean_display_footer_bottom":"default","ocean_custom_footer_template":"0"},"product_brand":[],"product_cat":[78],"product_tag":[],"class_list":{"0":"post-4448","1":"product","2":"type-product","3":"status-publish","4":"has-post-thumbnail","6":"product_cat-sandaly","8":"entry","9":"has-media","11":"first","12":"instock","13":"shipping-taxable","14":"purchasable","15":"product-type-variable","16":"wvs-archive-product-wrapper","17":"has-product-nav","18":"col","19":"span_1_of_3","20":"owp-content-center","21":"owp-thumbs-layout-horizontal","22":"owp-btn-normal","23":"owp-tabs-layout-vertical"},"yoast_head":"<!-- This site is optimized with the Yoast SEO plugin v27.4 - https:\/\/yoast.com\/product\/yoast-seo-wordpress\/ -->\n<title>Sanda\u0142y barefoot damskie Camille \u2013 r\u00f3\u017cowe | APAVO Barefoot - APAVO BAREFOOT<\/title>\n<meta name=\"description\" content=\"Sanda\u0142y barefoot damskie Camille w kolorze r\u00f3\u017cowym. Szeroki prz\u00f3d dla palc\u00f3w, podeszwa zero drop i mi\u0119kka wk\u0142adka ze sk\u00f3ry welurowej.\" \/>\n<meta name=\"robots\" content=\"index, follow, max-snippet:-1, max-image-preview:large, max-video-preview:-1\" \/>\n<link rel=\"canonical\" href=\"https:\/\/apavoshoes.com\/en\/produkt\/sandaly-camille-roz\/\" \/>\n<meta property=\"og:locale\" content=\"en_US\" \/>\n<meta property=\"og:type\" content=\"article\" \/>\n<meta property=\"og:title\" content=\"Sanda\u0142y barefoot damskie Camille \u2013 r\u00f3\u017cowe | APAVO Barefoot - APAVO BAREFOOT\" \/>\n<meta property=\"og:description\" content=\"Sanda\u0142y barefoot damskie Camille w kolorze r\u00f3\u017cowym. Szeroki prz\u00f3d dla palc\u00f3w, podeszwa zero drop i mi\u0119kka wk\u0142adka ze sk\u00f3ry welurowej.\" \/>\n<meta property=\"og:url\" content=\"https:\/\/apavoshoes.com\/en\/produkt\/sandaly-camille-roz\/\" \/>\n<meta property=\"og:site_name\" content=\"APAVO BAREFOOT\" \/>\n<meta property=\"article:modified_time\" content=\"2026-03-09T20:41:42+00:00\" \/>\n<meta property=\"og:image\" content=\"https:\/\/apavoshoes.com\/wp-content\/uploads\/2025\/07\/image02319-scaled.jpeg\" \/>\n\t<meta property=\"og:image:width\" content=\"1920\" \/>\n\t<meta property=\"og:image:height\" content=\"2560\" \/>\n\t<meta property=\"og:image:type\" content=\"image\/jpeg\" \/>\n<meta name=\"twitter:card\" content=\"summary_large_image\" \/>\n<meta name=\"twitter:label1\" content=\"Est. reading time\" \/>\n\t<meta name=\"twitter:data1\" content=\"4 minutes\" \/>\n<script type=\"application\/ld+json\" class=\"yoast-schema-graph\">{\"@context\":\"https:\\\/\\\/schema.org\",\"@graph\":[{\"@type\":\"WebPage\",\"@id\":\"https:\\\/\\\/apavoshoes.com\\\/en\\\/produkt\\\/sandaly-camille-roz\\\/\",\"url\":\"https:\\\/\\\/apavoshoes.com\\\/en\\\/produkt\\\/sandaly-camille-roz\\\/\",\"name\":\"Sanda\u0142y barefoot damskie Camille \u2013 r\u00f3\u017cowe | APAVO Barefoot - APAVO BAREFOOT\",\"isPartOf\":{\"@id\":\"https:\\\/\\\/apavoshoes.com\\\/en\\\/#website\"},\"primaryImageOfPage\":{\"@id\":\"https:\\\/\\\/apavoshoes.com\\\/en\\\/produkt\\\/sandaly-camille-roz\\\/#primaryimage\"},\"image\":{\"@id\":\"https:\\\/\\\/apavoshoes.com\\\/en\\\/produkt\\\/sandaly-camille-roz\\\/#primaryimage\"},\"thumbnailUrl\":\"https:\\\/\\\/apavoshoes.com\\\/wp-content\\\/uploads\\\/2025\\\/07\\\/image02319-scaled.jpeg\",\"datePublished\":\"2025-07-09T21:13:54+00:00\",\"dateModified\":\"2026-03-09T20:41:42+00:00\",\"description\":\"Sanda\u0142y barefoot damskie Camille w kolorze r\u00f3\u017cowym. Szeroki prz\u00f3d dla palc\u00f3w, podeszwa zero drop i mi\u0119kka wk\u0142adka ze sk\u00f3ry welurowej.\",\"breadcrumb\":{\"@id\":\"https:\\\/\\\/apavoshoes.com\\\/en\\\/produkt\\\/sandaly-camille-roz\\\/#breadcrumb\"},\"inLanguage\":\"en-US\",\"potentialAction\":[{\"@type\":\"ReadAction\",\"target\":[\"https:\\\/\\\/apavoshoes.com\\\/en\\\/produkt\\\/sandaly-camille-roz\\\/\"]}]},{\"@type\":\"ImageObject\",\"inLanguage\":\"en-US\",\"@id\":\"https:\\\/\\\/apavoshoes.com\\\/en\\\/produkt\\\/sandaly-camille-roz\\\/#primaryimage\",\"url\":\"https:\\\/\\\/apavoshoes.com\\\/wp-content\\\/uploads\\\/2025\\\/07\\\/image02319-scaled.jpeg\",\"contentUrl\":\"https:\\\/\\\/apavoshoes.com\\\/wp-content\\\/uploads\\\/2025\\\/07\\\/image02319-scaled.jpeg\",\"width\":1920,\"height\":2560},{\"@type\":\"BreadcrumbList\",\"@id\":\"https:\\\/\\\/apavoshoes.com\\\/en\\\/produkt\\\/sandaly-camille-roz\\\/#breadcrumb\",\"itemListElement\":[{\"@type\":\"ListItem\",\"position\":1,\"name\":\"Strona g\u0142\u00f3wna\",\"item\":\"https:\\\/\\\/apavoshoes.com\\\/en\\\/\"},{\"@type\":\"ListItem\",\"position\":2,\"name\":\"Shop\",\"item\":\"https:\\\/\\\/apavoshoes.com\\\/en\\\/shop\\\/\"},{\"@type\":\"ListItem\",\"position\":3,\"name\":\"Sanda\u0142y barefoot damskie Camille \u2013 r\u00f3\u017cowe | APAVO Barefoot\"}]},{\"@type\":\"WebSite\",\"@id\":\"https:\\\/\\\/apavoshoes.com\\\/en\\\/#website\",\"url\":\"https:\\\/\\\/apavoshoes.com\\\/en\\\/\",\"name\":\"APAVO BAREFOOT\",\"description\":\"\",\"publisher\":{\"@id\":\"https:\\\/\\\/apavoshoes.com\\\/en\\\/#organization\"},\"potentialAction\":[{\"@type\":\"SearchAction\",\"target\":{\"@type\":\"EntryPoint\",\"urlTemplate\":\"https:\\\/\\\/apavoshoes.com\\\/en\\\/?s={search_term_string}\"},\"query-input\":{\"@type\":\"PropertyValueSpecification\",\"valueRequired\":true,\"valueName\":\"search_term_string\"}}],\"inLanguage\":\"en-US\"},{\"@type\":\"Organization\",\"@id\":\"https:\\\/\\\/apavoshoes.com\\\/en\\\/#organization\",\"name\":\"APAVO BAREFOOT\",\"url\":\"https:\\\/\\\/apavoshoes.com\\\/en\\\/\",\"logo\":{\"@type\":\"ImageObject\",\"inLanguage\":\"en-US\",\"@id\":\"https:\\\/\\\/apavoshoes.com\\\/en\\\/#\\\/schema\\\/logo\\\/image\\\/\",\"url\":\"https:\\\/\\\/apavoshoes.com\\\/wp-content\\\/uploads\\\/2021\\\/10\\\/cropped-logo-twoje.png\",\"contentUrl\":\"https:\\\/\\\/apavoshoes.com\\\/wp-content\\\/uploads\\\/2021\\\/10\\\/cropped-logo-twoje.png\",\"width\":225,\"height\":53,\"caption\":\"APAVO BAREFOOT\"},\"image\":{\"@id\":\"https:\\\/\\\/apavoshoes.com\\\/en\\\/#\\\/schema\\\/logo\\\/image\\\/\"}}]}<\/script>\n<!-- \/ Yoast SEO plugin. -->","yoast_head_json":{"title":"Sanda\u0142y barefoot damskie Camille \u2013 r\u00f3\u017cowe | APAVO Barefoot - APAVO BAREFOOT","description":"Sanda\u0142y barefoot damskie Camille w kolorze r\u00f3\u017cowym. Szeroki prz\u00f3d dla palc\u00f3w, podeszwa zero drop i mi\u0119kka wk\u0142adka ze sk\u00f3ry welurowej.","robots":{"index":"index","follow":"follow","max-snippet":"max-snippet:-1","max-image-preview":"max-image-preview:large","max-video-preview":"max-video-preview:-1"},"canonical":"https:\/\/apavoshoes.com\/en\/produkt\/sandaly-camille-roz\/","og_locale":"en_US","og_type":"article","og_title":"Sanda\u0142y barefoot damskie Camille \u2013 r\u00f3\u017cowe | APAVO Barefoot - APAVO BAREFOOT","og_description":"Sanda\u0142y barefoot damskie Camille w kolorze r\u00f3\u017cowym. Szeroki prz\u00f3d dla palc\u00f3w, podeszwa zero drop i mi\u0119kka wk\u0142adka ze sk\u00f3ry welurowej.","og_url":"https:\/\/apavoshoes.com\/en\/produkt\/sandaly-camille-roz\/","og_site_name":"APAVO BAREFOOT","article_modified_time":"2026-03-09T20:41:42+00:00","og_image":[{"width":1920,"height":2560,"url":"https:\/\/apavoshoes.com\/wp-content\/uploads\/2025\/07\/image02319-scaled.jpeg","type":"image\/jpeg"}],"twitter_card":"summary_large_image","twitter_misc":{"Est. reading time":"4 minutes"},"schema":{"@context":"https:\/\/schema.org","@graph":[{"@type":"WebPage","@id":"https:\/\/apavoshoes.com\/en\/produkt\/sandaly-camille-roz\/","url":"https:\/\/apavoshoes.com\/en\/produkt\/sandaly-camille-roz\/","name":"Sanda\u0142y barefoot damskie Camille \u2013 r\u00f3\u017cowe | APAVO Barefoot - APAVO BAREFOOT","isPartOf":{"@id":"https:\/\/apavoshoes.com\/en\/#website"},"primaryImageOfPage":{"@id":"https:\/\/apavoshoes.com\/en\/produkt\/sandaly-camille-roz\/#primaryimage"},"image":{"@id":"https:\/\/apavoshoes.com\/en\/produkt\/sandaly-camille-roz\/#primaryimage"},"thumbnailUrl":"https:\/\/apavoshoes.com\/wp-content\/uploads\/2025\/07\/image02319-scaled.jpeg","datePublished":"2025-07-09T21:13:54+00:00","dateModified":"2026-03-09T20:41:42+00:00","description":"Sanda\u0142y barefoot damskie Camille w kolorze r\u00f3\u017cowym. Szeroki prz\u00f3d dla palc\u00f3w, podeszwa zero drop i mi\u0119kka wk\u0142adka ze sk\u00f3ry welurowej.","breadcrumb":{"@id":"https:\/\/apavoshoes.com\/en\/produkt\/sandaly-camille-roz\/#breadcrumb"},"inLanguage":"en-US","potentialAction":[{"@type":"ReadAction","target":["https:\/\/apavoshoes.com\/en\/produkt\/sandaly-camille-roz\/"]}]},{"@type":"ImageObject","inLanguage":"en-US","@id":"https:\/\/apavoshoes.com\/en\/produkt\/sandaly-camille-roz\/#primaryimage","url":"https:\/\/apavoshoes.com\/wp-content\/uploads\/2025\/07\/image02319-scaled.jpeg","contentUrl":"https:\/\/apavoshoes.com\/wp-content\/uploads\/2025\/07\/image02319-scaled.jpeg","width":1920,"height":2560},{"@type":"BreadcrumbList","@id":"https:\/\/apavoshoes.com\/en\/produkt\/sandaly-camille-roz\/#breadcrumb","itemListElement":[{"@type":"ListItem","position":1,"name":"Strona g\u0142\u00f3wna","item":"https:\/\/apavoshoes.com\/en\/"},{"@type":"ListItem","position":2,"name":"Shop","item":"https:\/\/apavoshoes.com\/en\/shop\/"},{"@type":"ListItem","position":3,"name":"Sanda\u0142y barefoot damskie Camille \u2013 r\u00f3\u017cowe | APAVO Barefoot"}]},{"@type":"WebSite","@id":"https:\/\/apavoshoes.com\/en\/#website","url":"https:\/\/apavoshoes.com\/en\/","name":"APAVO BAREFOOT","description":"","publisher":{"@id":"https:\/\/apavoshoes.com\/en\/#organization"},"potentialAction":[{"@type":"SearchAction","target":{"@type":"EntryPoint","urlTemplate":"https:\/\/apavoshoes.com\/en\/?s={search_term_string}"},"query-input":{"@type":"PropertyValueSpecification","valueRequired":true,"valueName":"search_term_string"}}],"inLanguage":"en-US"},{"@type":"Organization","@id":"https:\/\/apavoshoes.com\/en\/#organization","name":"APAVO BAREFOOT","url":"https:\/\/apavoshoes.com\/en\/","logo":{"@type":"ImageObject","inLanguage":"en-US","@id":"https:\/\/apavoshoes.com\/en\/#\/schema\/logo\/image\/","url":"https:\/\/apavoshoes.com\/wp-content\/uploads\/2021\/10\/cropped-logo-twoje.png","contentUrl":"https:\/\/apavoshoes.com\/wp-content\/uploads\/2021\/10\/cropped-logo-twoje.png","width":225,"height":53,"caption":"APAVO BAREFOOT"},"image":{"@id":"https:\/\/apavoshoes.com\/en\/#\/schema\/logo\/image\/"}}]}},"_links":{"self":[{"href":"https:\/\/apavoshoes.com\/en\/wp-json\/wp\/v2\/product\/4448","targetHints":{"allow":["GET"]}}],"collection":[{"href":"https:\/\/apavoshoes.com\/en\/wp-json\/wp\/v2\/product"}],"about":[{"href":"https:\/\/apavoshoes.com\/en\/wp-json\/wp\/v2\/types\/product"}],"replies":[{"embeddable":true,"href":"https:\/\/apavoshoes.com\/en\/wp-json\/wp\/v2\/comments?post=4448"}],"wp:featuredmedia":[{"embeddable":true,"href":"https:\/\/apavoshoes.com\/en\/wp-json\/wp\/v2\/media\/4462"}],"wp:attachment":[{"href":"https:\/\/apavoshoes.com\/en\/wp-json\/wp\/v2\/media?parent=4448"}],"wp:term":[{"taxonomy":"product_brand","embeddable":true,"href":"https:\/\/apavoshoes.com\/en\/wp-json\/wp\/v2\/product_brand?post=4448"},{"taxonomy":"product_cat","embeddable":true,"href":"https:\/\/apavoshoes.com\/en\/wp-json\/wp\/v2\/product_cat?post=4448"},{"taxonomy":"product_tag","embeddable":true,"href":"https:\/\/apavoshoes.com\/en\/wp-json\/wp\/v2\/product_tag?post=4448"}],"curies":[{"name":"wp","href":"https:\/\/api.w.org\/{rel}","templated":true}]}}