{"id":5536,"date":"2026-01-08T22:01:12","date_gmt":"2026-01-08T21:01:12","guid":{"rendered":"https:\/\/apavoshoes.com\/?post_type=product&#038;p=5536"},"modified":"2026-04-29T22:55:21","modified_gmt":"2026-04-29T20:55:21","slug":"remi-bezowy-welur-bialy-40","status":"publish","type":"product","link":"https:\/\/apavoshoes.com\/en\/produkt\/remi-bezowy-welur-bialy-40\/","title":{"rendered":"Remi be\u017cowy welur\/bia\u0142y"},"content":{"rendered":"<p data-start=\"183\" data-end=\"451\">Model <strong data-start=\"189\" data-end=\"197\">Remi<\/strong> w subtelnym odcieniu be\u017cowego weluru to po\u0142\u0105czenie elegancji i naturalnej wygody. Bia\u0142e elementy i z\u0142ote detale dodaj\u0105 im lekko\u015bci oraz stylowego charakteru. Wykonane w ca\u0142o\u015bci z naturalnej sk\u00f3ry, zapewniaj\u0105 trwa\u0142o\u015b\u0107, komfort i oddychalno\u015b\u0107.<\/p>\n<p data-start=\"453\" data-end=\"739\">Szeroka konstrukcja w przedniej cz\u0119\u015bci buta daje palcom pe\u0142n\u0105 swobod\u0119, a elastyczna podeszwa wspiera naturalny ruch stopy. To idealne <strong data-start=\"637\" data-end=\"681\">buty barefoot komfort dla pocz\u0105tkuj\u0105cych<\/strong>, kt\u00f3re sprawdz\u0105 si\u0119 zar\u00f3wno w pracy, jak i na co dzie\u0144.<\/p>\n<p data-start=\"741\" data-end=\"774\"><strong data-start=\"741\" data-end=\"772\">Dlaczego warto wybra\u0107 Remi?<\/strong><\/p>\n<ul data-start=\"775\" data-end=\"1094\">\n<li data-start=\"775\" data-end=\"842\">\n<p data-start=\"777\" data-end=\"842\">Be\u017cowy welur + bia\u0142e i z\u0142ote akcenty \u2013 elegancja z nut\u0105 blasku.<\/p>\n<\/li>\n<li data-start=\"843\" data-end=\"893\">\n<p data-start=\"845\" data-end=\"893\">Naturalna sk\u00f3ra \u2013 trwa\u0142o\u015b\u0107 i komfort noszenia.<\/p>\n<\/li>\n<li data-start=\"894\" data-end=\"967\">\n<p data-start=\"896\" data-end=\"967\">Szeroki prz\u00f3d \u2013 przestrze\u0144 dla palc\u00f3w i komfort dla st\u00f3p z haluksami.<\/p>\n<\/li>\n<li data-start=\"968\" data-end=\"1025\">\n<p data-start=\"970\" data-end=\"1025\">Lekka, elastyczna podeszwa barefoot \u2013 naturalny krok.<\/p>\n<\/li>\n<li data-start=\"1026\" data-end=\"1094\">\n<p data-start=\"1028\" data-end=\"1094\">\u015awietne jako pierwsze buty barefoot komfort \u2013 stylowe i wygodne.<\/p>\n<\/li>\n<\/ul>\n","protected":false},"excerpt":{"rendered":"<p>Model Remi w subtelnym odcieniu be\u017cowego weluru to po\u0142\u0105czenie elegancji i naturalnej wygody. Bia\u0142e elementy i z\u0142ote detale dodaj\u0105 im lekko\u015bci oraz stylowego charakteru. Wykonane w ca\u0142o\u015bci z naturalnej sk\u00f3ry, zapewniaj\u0105 trwa\u0142o\u015b\u0107, komfort i oddychalno\u015b\u0107. Szeroka konstrukcja w przedniej cz\u0119\u015bci buta daje palcom pe\u0142n\u0105 swobod\u0119, a elastyczna podeszwa wspiera naturalny ruch stopy. To idealne buty [&hellip;]<\/p>\n","protected":false},"featured_media":4706,"comment_status":"open","ping_status":"closed","template":"","meta":{"ocean_post_layout":"","ocean_both_sidebars_style":"","ocean_both_sidebars_content_width":0,"ocean_both_sidebars_sidebars_width":0,"ocean_sidebar":"0","ocean_second_sidebar":"0","ocean_disable_margins":"enable","ocean_add_body_class":"","ocean_shortcode_before_top_bar":"","ocean_shortcode_after_top_bar":"","ocean_shortcode_before_header":"","ocean_shortcode_after_header":"","ocean_has_shortcode":"","ocean_shortcode_after_title":"","ocean_shortcode_before_footer_widgets":"","ocean_shortcode_after_footer_widgets":"","ocean_shortcode_before_footer_bottom":"","ocean_shortcode_after_footer_bottom":"","ocean_display_top_bar":"default","ocean_display_header":"default","ocean_header_style":"","ocean_center_header_left_menu":"0","ocean_custom_header_template":"0","ocean_custom_logo":0,"ocean_custom_retina_logo":0,"ocean_custom_logo_max_width":0,"ocean_custom_logo_tablet_max_width":0,"ocean_custom_logo_mobile_max_width":0,"ocean_custom_logo_max_height":0,"ocean_custom_logo_tablet_max_height":0,"ocean_custom_logo_mobile_max_height":0,"ocean_header_custom_menu":"0","ocean_menu_typo_font_family":"0","ocean_menu_typo_font_subset":"","ocean_menu_typo_font_size":0,"ocean_menu_typo_font_size_tablet":0,"ocean_menu_typo_font_size_mobile":0,"ocean_menu_typo_font_size_unit":"px","ocean_menu_typo_font_weight":"","ocean_menu_typo_font_weight_tablet":"","ocean_menu_typo_font_weight_mobile":"","ocean_menu_typo_transform":"","ocean_menu_typo_transform_tablet":"","ocean_menu_typo_transform_mobile":"","ocean_menu_typo_line_height":0,"ocean_menu_typo_line_height_tablet":0,"ocean_menu_typo_line_height_mobile":0,"ocean_menu_typo_line_height_unit":"","ocean_menu_typo_spacing":0,"ocean_menu_typo_spacing_tablet":0,"ocean_menu_typo_spacing_mobile":0,"ocean_menu_typo_spacing_unit":"","ocean_menu_link_color":"","ocean_menu_link_color_hover":"","ocean_menu_link_color_active":"","ocean_menu_link_background":"","ocean_menu_link_hover_background":"","ocean_menu_link_active_background":"","ocean_menu_social_links_bg":"","ocean_menu_social_hover_links_bg":"","ocean_menu_social_links_color":"","ocean_menu_social_hover_links_color":"","ocean_disable_title":"default","ocean_disable_heading":"default","ocean_post_title":"","ocean_post_subheading":"","ocean_post_title_style":"","ocean_post_title_background_color":"","ocean_post_title_background":0,"ocean_post_title_bg_image_position":"","ocean_post_title_bg_image_attachment":"","ocean_post_title_bg_image_repeat":"","ocean_post_title_bg_image_size":"","ocean_post_title_height":0,"ocean_post_title_bg_overlay":0.5,"ocean_post_title_bg_overlay_color":"","ocean_disable_breadcrumbs":"default","ocean_breadcrumbs_color":"","ocean_breadcrumbs_separator_color":"","ocean_breadcrumbs_links_color":"","ocean_breadcrumbs_links_hover_color":"","ocean_display_footer_widgets":"default","ocean_display_footer_bottom":"default","ocean_custom_footer_template":"0"},"product_brand":[],"product_cat":[79],"product_tag":[],"class_list":{"0":"post-5536","1":"product","2":"type-product","3":"status-publish","4":"has-post-thumbnail","6":"product_cat-sample-sale","8":"entry","9":"has-media","11":"first","12":"instock","13":"sale","14":"shipping-taxable","15":"purchasable","16":"product-type-variable","17":"wvs-archive-product-wrapper","18":"has-product-nav","19":"col","20":"span_1_of_3","21":"owp-content-center","22":"owp-thumbs-layout-horizontal","23":"owp-btn-normal","24":"owp-tabs-layout-vertical"},"yoast_head":"<!-- This site is optimized with the Yoast SEO plugin v27.4 - https:\/\/yoast.com\/product\/yoast-seo-wordpress\/ -->\n<title>Remi be\u017cowy welur\/bia\u0142y - APAVO BAREFOOT<\/title>\n<meta name=\"robots\" content=\"index, follow, max-snippet:-1, max-image-preview:large, max-video-preview:-1\" \/>\n<link rel=\"canonical\" href=\"https:\/\/apavoshoes.com\/en\/produkt\/remi-bezowy-welur-bialy-40\/\" \/>\n<meta property=\"og:locale\" content=\"en_US\" \/>\n<meta property=\"og:type\" content=\"article\" \/>\n<meta property=\"og:title\" content=\"Remi be\u017cowy welur\/bia\u0142y - APAVO BAREFOOT\" \/>\n<meta property=\"og:description\" content=\"Model Remi w subtelnym odcieniu be\u017cowego weluru to po\u0142\u0105czenie elegancji i naturalnej wygody. Bia\u0142e elementy i z\u0142ote detale dodaj\u0105 im lekko\u015bci oraz stylowego charakteru. Wykonane w ca\u0142o\u015bci z naturalnej sk\u00f3ry, zapewniaj\u0105 trwa\u0142o\u015b\u0107, komfort i oddychalno\u015b\u0107. Szeroka konstrukcja w przedniej cz\u0119\u015bci buta daje palcom pe\u0142n\u0105 swobod\u0119, a elastyczna podeszwa wspiera naturalny ruch stopy. To idealne buty [&hellip;]\" \/>\n<meta property=\"og:url\" content=\"https:\/\/apavoshoes.com\/en\/produkt\/remi-bezowy-welur-bialy-40\/\" \/>\n<meta property=\"og:site_name\" content=\"APAVO BAREFOOT\" \/>\n<meta property=\"article:modified_time\" content=\"2026-04-29T20:55:21+00:00\" \/>\n<meta property=\"og:image\" content=\"https:\/\/apavoshoes.com\/wp-content\/uploads\/2025\/08\/IMG_2970-scaled.jpeg\" \/>\n\t<meta property=\"og:image:width\" content=\"1920\" \/>\n\t<meta property=\"og:image:height\" content=\"2560\" \/>\n\t<meta property=\"og:image:type\" content=\"image\/jpeg\" \/>\n<meta name=\"twitter:card\" content=\"summary_large_image\" \/>\n<meta name=\"twitter:label1\" content=\"Est. reading time\" \/>\n\t<meta name=\"twitter:data1\" content=\"1 minute\" \/>\n<script type=\"application\/ld+json\" class=\"yoast-schema-graph\">{\"@context\":\"https:\\\/\\\/schema.org\",\"@graph\":[{\"@type\":\"WebPage\",\"@id\":\"https:\\\/\\\/apavoshoes.com\\\/en\\\/produkt\\\/remi-bezowy-welur-bialy-40\\\/\",\"url\":\"https:\\\/\\\/apavoshoes.com\\\/en\\\/produkt\\\/remi-bezowy-welur-bialy-40\\\/\",\"name\":\"Remi be\u017cowy welur\\\/bia\u0142y - APAVO BAREFOOT\",\"isPartOf\":{\"@id\":\"https:\\\/\\\/apavoshoes.com\\\/en\\\/#website\"},\"primaryImageOfPage\":{\"@id\":\"https:\\\/\\\/apavoshoes.com\\\/en\\\/produkt\\\/remi-bezowy-welur-bialy-40\\\/#primaryimage\"},\"image\":{\"@id\":\"https:\\\/\\\/apavoshoes.com\\\/en\\\/produkt\\\/remi-bezowy-welur-bialy-40\\\/#primaryimage\"},\"thumbnailUrl\":\"https:\\\/\\\/apavoshoes.com\\\/wp-content\\\/uploads\\\/2025\\\/08\\\/IMG_2970-scaled.jpeg\",\"datePublished\":\"2026-01-08T21:01:12+00:00\",\"dateModified\":\"2026-04-29T20:55:21+00:00\",\"breadcrumb\":{\"@id\":\"https:\\\/\\\/apavoshoes.com\\\/en\\\/produkt\\\/remi-bezowy-welur-bialy-40\\\/#breadcrumb\"},\"inLanguage\":\"en-US\",\"potentialAction\":[{\"@type\":\"ReadAction\",\"target\":[\"https:\\\/\\\/apavoshoes.com\\\/en\\\/produkt\\\/remi-bezowy-welur-bialy-40\\\/\"]}]},{\"@type\":\"ImageObject\",\"inLanguage\":\"en-US\",\"@id\":\"https:\\\/\\\/apavoshoes.com\\\/en\\\/produkt\\\/remi-bezowy-welur-bialy-40\\\/#primaryimage\",\"url\":\"https:\\\/\\\/apavoshoes.com\\\/wp-content\\\/uploads\\\/2025\\\/08\\\/IMG_2970-scaled.jpeg\",\"contentUrl\":\"https:\\\/\\\/apavoshoes.com\\\/wp-content\\\/uploads\\\/2025\\\/08\\\/IMG_2970-scaled.jpeg\",\"width\":1920,\"height\":2560},{\"@type\":\"BreadcrumbList\",\"@id\":\"https:\\\/\\\/apavoshoes.com\\\/en\\\/produkt\\\/remi-bezowy-welur-bialy-40\\\/#breadcrumb\",\"itemListElement\":[{\"@type\":\"ListItem\",\"position\":1,\"name\":\"Strona g\u0142\u00f3wna\",\"item\":\"https:\\\/\\\/apavoshoes.com\\\/en\\\/\"},{\"@type\":\"ListItem\",\"position\":2,\"name\":\"Shop\",\"item\":\"https:\\\/\\\/apavoshoes.com\\\/en\\\/shop\\\/\"},{\"@type\":\"ListItem\",\"position\":3,\"name\":\"Remi be\u017cowy welur\\\/bia\u0142y\"}]},{\"@type\":\"WebSite\",\"@id\":\"https:\\\/\\\/apavoshoes.com\\\/en\\\/#website\",\"url\":\"https:\\\/\\\/apavoshoes.com\\\/en\\\/\",\"name\":\"APAVO BAREFOOT\",\"description\":\"\",\"publisher\":{\"@id\":\"https:\\\/\\\/apavoshoes.com\\\/en\\\/#organization\"},\"potentialAction\":[{\"@type\":\"SearchAction\",\"target\":{\"@type\":\"EntryPoint\",\"urlTemplate\":\"https:\\\/\\\/apavoshoes.com\\\/en\\\/?s={search_term_string}\"},\"query-input\":{\"@type\":\"PropertyValueSpecification\",\"valueRequired\":true,\"valueName\":\"search_term_string\"}}],\"inLanguage\":\"en-US\"},{\"@type\":\"Organization\",\"@id\":\"https:\\\/\\\/apavoshoes.com\\\/en\\\/#organization\",\"name\":\"APAVO BAREFOOT\",\"url\":\"https:\\\/\\\/apavoshoes.com\\\/en\\\/\",\"logo\":{\"@type\":\"ImageObject\",\"inLanguage\":\"en-US\",\"@id\":\"https:\\\/\\\/apavoshoes.com\\\/en\\\/#\\\/schema\\\/logo\\\/image\\\/\",\"url\":\"https:\\\/\\\/apavoshoes.com\\\/wp-content\\\/uploads\\\/2021\\\/10\\\/cropped-logo-twoje.png\",\"contentUrl\":\"https:\\\/\\\/apavoshoes.com\\\/wp-content\\\/uploads\\\/2021\\\/10\\\/cropped-logo-twoje.png\",\"width\":225,\"height\":53,\"caption\":\"APAVO BAREFOOT\"},\"image\":{\"@id\":\"https:\\\/\\\/apavoshoes.com\\\/en\\\/#\\\/schema\\\/logo\\\/image\\\/\"}}]}<\/script>\n<!-- \/ Yoast SEO plugin. -->","yoast_head_json":{"title":"Remi be\u017cowy welur\/bia\u0142y - APAVO BAREFOOT","robots":{"index":"index","follow":"follow","max-snippet":"max-snippet:-1","max-image-preview":"max-image-preview:large","max-video-preview":"max-video-preview:-1"},"canonical":"https:\/\/apavoshoes.com\/en\/produkt\/remi-bezowy-welur-bialy-40\/","og_locale":"en_US","og_type":"article","og_title":"Remi be\u017cowy welur\/bia\u0142y - APAVO BAREFOOT","og_description":"Model Remi w subtelnym odcieniu be\u017cowego weluru to po\u0142\u0105czenie elegancji i naturalnej wygody. Bia\u0142e elementy i z\u0142ote detale dodaj\u0105 im lekko\u015bci oraz stylowego charakteru. Wykonane w ca\u0142o\u015bci z naturalnej sk\u00f3ry, zapewniaj\u0105 trwa\u0142o\u015b\u0107, komfort i oddychalno\u015b\u0107. Szeroka konstrukcja w przedniej cz\u0119\u015bci buta daje palcom pe\u0142n\u0105 swobod\u0119, a elastyczna podeszwa wspiera naturalny ruch stopy. To idealne buty [&hellip;]","og_url":"https:\/\/apavoshoes.com\/en\/produkt\/remi-bezowy-welur-bialy-40\/","og_site_name":"APAVO BAREFOOT","article_modified_time":"2026-04-29T20:55:21+00:00","og_image":[{"width":1920,"height":2560,"url":"https:\/\/apavoshoes.com\/wp-content\/uploads\/2025\/08\/IMG_2970-scaled.jpeg","type":"image\/jpeg"}],"twitter_card":"summary_large_image","twitter_misc":{"Est. reading time":"1 minute"},"schema":{"@context":"https:\/\/schema.org","@graph":[{"@type":"WebPage","@id":"https:\/\/apavoshoes.com\/en\/produkt\/remi-bezowy-welur-bialy-40\/","url":"https:\/\/apavoshoes.com\/en\/produkt\/remi-bezowy-welur-bialy-40\/","name":"Remi be\u017cowy welur\/bia\u0142y - APAVO BAREFOOT","isPartOf":{"@id":"https:\/\/apavoshoes.com\/en\/#website"},"primaryImageOfPage":{"@id":"https:\/\/apavoshoes.com\/en\/produkt\/remi-bezowy-welur-bialy-40\/#primaryimage"},"image":{"@id":"https:\/\/apavoshoes.com\/en\/produkt\/remi-bezowy-welur-bialy-40\/#primaryimage"},"thumbnailUrl":"https:\/\/apavoshoes.com\/wp-content\/uploads\/2025\/08\/IMG_2970-scaled.jpeg","datePublished":"2026-01-08T21:01:12+00:00","dateModified":"2026-04-29T20:55:21+00:00","breadcrumb":{"@id":"https:\/\/apavoshoes.com\/en\/produkt\/remi-bezowy-welur-bialy-40\/#breadcrumb"},"inLanguage":"en-US","potentialAction":[{"@type":"ReadAction","target":["https:\/\/apavoshoes.com\/en\/produkt\/remi-bezowy-welur-bialy-40\/"]}]},{"@type":"ImageObject","inLanguage":"en-US","@id":"https:\/\/apavoshoes.com\/en\/produkt\/remi-bezowy-welur-bialy-40\/#primaryimage","url":"https:\/\/apavoshoes.com\/wp-content\/uploads\/2025\/08\/IMG_2970-scaled.jpeg","contentUrl":"https:\/\/apavoshoes.com\/wp-content\/uploads\/2025\/08\/IMG_2970-scaled.jpeg","width":1920,"height":2560},{"@type":"BreadcrumbList","@id":"https:\/\/apavoshoes.com\/en\/produkt\/remi-bezowy-welur-bialy-40\/#breadcrumb","itemListElement":[{"@type":"ListItem","position":1,"name":"Strona g\u0142\u00f3wna","item":"https:\/\/apavoshoes.com\/en\/"},{"@type":"ListItem","position":2,"name":"Shop","item":"https:\/\/apavoshoes.com\/en\/shop\/"},{"@type":"ListItem","position":3,"name":"Remi be\u017cowy welur\/bia\u0142y"}]},{"@type":"WebSite","@id":"https:\/\/apavoshoes.com\/en\/#website","url":"https:\/\/apavoshoes.com\/en\/","name":"APAVO BAREFOOT","description":"","publisher":{"@id":"https:\/\/apavoshoes.com\/en\/#organization"},"potentialAction":[{"@type":"SearchAction","target":{"@type":"EntryPoint","urlTemplate":"https:\/\/apavoshoes.com\/en\/?s={search_term_string}"},"query-input":{"@type":"PropertyValueSpecification","valueRequired":true,"valueName":"search_term_string"}}],"inLanguage":"en-US"},{"@type":"Organization","@id":"https:\/\/apavoshoes.com\/en\/#organization","name":"APAVO BAREFOOT","url":"https:\/\/apavoshoes.com\/en\/","logo":{"@type":"ImageObject","inLanguage":"en-US","@id":"https:\/\/apavoshoes.com\/en\/#\/schema\/logo\/image\/","url":"https:\/\/apavoshoes.com\/wp-content\/uploads\/2021\/10\/cropped-logo-twoje.png","contentUrl":"https:\/\/apavoshoes.com\/wp-content\/uploads\/2021\/10\/cropped-logo-twoje.png","width":225,"height":53,"caption":"APAVO BAREFOOT"},"image":{"@id":"https:\/\/apavoshoes.com\/en\/#\/schema\/logo\/image\/"}}]}},"_links":{"self":[{"href":"https:\/\/apavoshoes.com\/en\/wp-json\/wp\/v2\/product\/5536","targetHints":{"allow":["GET"]}}],"collection":[{"href":"https:\/\/apavoshoes.com\/en\/wp-json\/wp\/v2\/product"}],"about":[{"href":"https:\/\/apavoshoes.com\/en\/wp-json\/wp\/v2\/types\/product"}],"replies":[{"embeddable":true,"href":"https:\/\/apavoshoes.com\/en\/wp-json\/wp\/v2\/comments?post=5536"}],"wp:featuredmedia":[{"embeddable":true,"href":"https:\/\/apavoshoes.com\/en\/wp-json\/wp\/v2\/media\/4706"}],"wp:attachment":[{"href":"https:\/\/apavoshoes.com\/en\/wp-json\/wp\/v2\/media?parent=5536"}],"wp:term":[{"taxonomy":"product_brand","embeddable":true,"href":"https:\/\/apavoshoes.com\/en\/wp-json\/wp\/v2\/product_brand?post=5536"},{"taxonomy":"product_cat","embeddable":true,"href":"https:\/\/apavoshoes.com\/en\/wp-json\/wp\/v2\/product_cat?post=5536"},{"taxonomy":"product_tag","embeddable":true,"href":"https:\/\/apavoshoes.com\/en\/wp-json\/wp\/v2\/product_tag?post=5536"}],"curies":[{"name":"wp","href":"https:\/\/api.w.org\/{rel}","templated":true}]}}