{"id":7836,"date":"2026-04-26T22:38:25","date_gmt":"2026-04-26T20:38:25","guid":{"rendered":"https:\/\/apavoshoes.com\/?post_type=product&#038;p=7836"},"modified":"2026-04-26T23:00:52","modified_gmt":"2026-04-26T21:00:52","slug":"polbuty-barefoot-damskie-livia-bezowy-welur-ecru-skora-licowa-i-zlote-dodatki-apavo-komfort","status":"publish","type":"product","link":"https:\/\/apavoshoes.com\/en\/produkt\/polbuty-barefoot-damskie-livia-bezowy-welur-ecru-skora-licowa-i-zlote-dodatki-apavo-komfort\/","title":{"rendered":"P\u00f3\u0142buty barefoot damskie Livia \u2013 be\u017cowy welur, ecru sk\u00f3ra licowa i z\u0142ote dodatki | Apavo Komfort"},"content":{"rendered":"<h2 data-section-id=\"1r9k0fa\" data-start=\"640\" data-end=\"706\">P\u00f3\u0142buty barefoot damskie Livia \u2013 sneakersy w naturalnym wydaniu<\/h2>\n<p data-start=\"708\" data-end=\"866\">Model Livia to p\u00f3\u0142buty barefoot damskie inspirowane klasycznymi sneakersami. \u0141\u0105cz\u0105 nowoczesny wygl\u0105d z funkcjonalno\u015bci\u0105, jakiej oczekujesz od obuwia barefoot.<\/p>\n<p data-start=\"868\" data-end=\"1113\">Po\u0142\u0105czenie mi\u0119kkiego be\u017cowego weluru z g\u0142adk\u0105 sk\u00f3r\u0105 licow\u0105 w odcieniu ecru tworzy harmonijn\u0105, eleganck\u0105 baz\u0119. Z\u0142ote dodatki \u2013 na paskach, pi\u0119cie i naszywce na j\u0119zyku \u2013 subtelnie podkre\u015blaj\u0105 charakter modelu i nadaj\u0105 mu bi\u017cuteryjnego wyko\u0144czenia.<\/p>\n<p data-start=\"1115\" data-end=\"1200\">To buty, kt\u00f3re rozja\u015bniaj\u0105 stylizacj\u0119 i jednocze\u015bnie wspieraj\u0105 naturaln\u0105 prac\u0119 stopy.<\/p>\n<hr data-start=\"1202\" data-end=\"1205\" \/>\n<h2 data-section-id=\"1du0dri\" data-start=\"1207\" data-end=\"1246\">Barefoot \u2013 co to oznacza w praktyce?<\/h2>\n<p data-start=\"1248\" data-end=\"1363\">Buty barefoot zosta\u0142y zaprojektowane tak, aby jak najbardziej przypomina\u0107 chodzenie boso \u2014 ale z ochron\u0105 dla stopy.<\/p>\n<p data-start=\"1365\" data-end=\"1391\">W modelu Livia oznacza to:<\/p>\n<p data-start=\"1393\" data-end=\"1455\">\u2022 szeroki toe box \u2013 palce maj\u0105 przestrze\u0144 i nie s\u0105 \u015bci\u015bni\u0119te<\/p>\n<p data-start=\"1457\" data-end=\"1535\">\u2022 cienka, elastyczna podeszwa \u2013 stopa zgina si\u0119 naturalnie przy ka\u017cdym kroku<\/p>\n<p data-start=\"1537\" data-end=\"1605\">\u2022 zerowy drop (0 mm) \u2013 naturalne ustawienie cia\u0142a i lepsza postawa<\/p>\n<p data-start=\"1607\" data-end=\"1643\">\u2022 lekko\u015b\u0107 \u2013 buty nie obci\u0105\u017caj\u0105 n\u00f3g<\/p>\n<p data-start=\"1645\" data-end=\"1758\">To sprawia, \u017ce p\u00f3\u0142buty barefoot damskie Livia s\u0105 nie tylko wygodne, ale te\u017c wspieraj\u0105 naturalny spos\u00f3b chodzenia.<\/p>\n<hr data-start=\"1760\" data-end=\"1763\" \/>\n<h2 data-section-id=\"14eoa8o\" data-start=\"1765\" data-end=\"1804\">Kolor i materia\u0142y, kt\u00f3re robi\u0105 efekt<\/h2>\n<p data-start=\"1806\" data-end=\"1989\">Be\u017c i ecru to ponadczasowe, jasne odcienie, kt\u00f3re nadaj\u0105 stylizacji lekko\u015bci i elegancji.<br data-start=\"1895\" data-end=\"1898\" \/>Welur wprowadza mi\u0119kko\u015b\u0107 i g\u0142\u0119bi\u0119, a sk\u00f3ra licowa dodaje ca\u0142o\u015bci szlachetno\u015bci i trwa\u0142o\u015bci.<\/p>\n<p data-start=\"1991\" data-end=\"2087\">Z\u0142ote akcenty subtelnie odbijaj\u0105 \u015bwiat\u0142o i nadaj\u0105 ca\u0142o\u015bci luksusowego charakteru \u2013 bez przesady.<\/p>\n<p data-start=\"2089\" data-end=\"2136\">P\u00f3\u0142buty barefoot damskie Livia mo\u017cesz nosi\u0107 do:<\/p>\n<p data-start=\"2138\" data-end=\"2312\">\u2022 jasnych jeans\u00f3w i koszuli<br data-start=\"2165\" data-end=\"2168\" \/>\u2022 stylizacji w odcieniach be\u017cu, bieli i z\u0142ota<br data-start=\"2213\" data-end=\"2216\" \/>\u2022 minimalistycznych zestaw\u00f3w kapsu\u0142owych<br data-start=\"2256\" data-end=\"2259\" \/>\u2022 sukienek casual i letnich<br data-start=\"2286\" data-end=\"2289\" \/>\u2022 stylu soft elegance<\/p>\n<hr data-start=\"2314\" data-end=\"2317\" \/>\n<h2 data-section-id=\"1fd2bcn\" data-start=\"2319\" data-end=\"2362\">Jak stylizowa\u0107 sneakersy barefoot Livia?<\/h2>\n<p data-start=\"2364\" data-end=\"2426\">Model Livia \u015bwietnie odnajduje si\u0119 w codziennych stylizacjach.<\/p>\n<p data-start=\"2428\" data-end=\"2437\">No\u015b je z:<\/p>\n<p data-start=\"2439\" data-end=\"2461\">\u2022 lnianymi zestawami<\/p>\n<p data-start=\"2463\" data-end=\"2494\">\u2022 jasnymi spodniami i swetrem<\/p>\n<p data-start=\"2496\" data-end=\"2513\">\u2022 sukienk\u0105 midi<\/p>\n<p data-start=\"2515\" data-end=\"2538\">\u2022 klasycznym trenczem<\/p>\n<p data-start=\"2540\" data-end=\"2640\">To dow\u00f3d na to, \u017ce buty barefoot mog\u0105 wygl\u0105da\u0107 stylowo i kobieco, nie trac\u0105c swojej funkcjonalno\u015bci.<\/p>\n<hr data-start=\"2642\" data-end=\"2645\" \/>\n<h2 data-section-id=\"cbpmk9\" data-start=\"2647\" data-end=\"2695\">Apavo Komfort \u2013 naturalna wygoda ka\u017cdego dnia<\/h2>\n<p data-start=\"2697\" data-end=\"2771\">W modelu Livia komfort wynika z konstrukcji barefoot i jako\u015bci materia\u0142\u00f3w.<\/p>\n<p data-start=\"2773\" data-end=\"2825\">\u2022 welur dopasowuje si\u0119 do stopy i nadaje mi\u0119kko\u015bci<\/p>\n<p data-start=\"2827\" data-end=\"2883\">\u2022 sk\u00f3ra licowa zwi\u0119ksza trwa\u0142o\u015b\u0107 i u\u0142atwia piel\u0119gnacj\u0119<\/p>\n<p data-start=\"2885\" data-end=\"2931\">\u2022 elastyczna podeszwa pracuje razem z ruchem<\/p>\n<p data-start=\"2933\" data-end=\"2969\">\u2022 brak usztywnie\u0144 zwi\u0119ksza swobod\u0119<\/p>\n<p data-start=\"2971\" data-end=\"3016\">\u2022 buty s\u0105 lekkie i wygodne przez ca\u0142y dzie\u0144<\/p>\n<p data-start=\"3018\" data-end=\"3082\">To w\u0142a\u015bnie Apavo Komfort \u2013 po\u0142\u0105czenie stylu i naturalnej wygody.<\/p>\n<hr data-start=\"3084\" data-end=\"3087\" \/>\n<h2 data-section-id=\"d0vxyd\" data-start=\"3089\" data-end=\"3142\">Dlaczego pokochasz p\u00f3\u0142buty barefoot damskie Livia?<\/h2>\n<p data-start=\"3144\" data-end=\"3198\">\u2022 sneakersy damskie w eleganckim, dopracowanym stylu<\/p>\n<p data-start=\"3200\" data-end=\"3271\">\u2022 unikalne po\u0142\u0105czenie materia\u0142\u00f3w: welur + sk\u00f3ra licowa + z\u0142ote detale<\/p>\n<p data-start=\"3273\" data-end=\"3332\">\u2022 naturalny komfort chodzenia dzi\u0119ki konstrukcji barefoot<\/p>\n<p data-start=\"3334\" data-end=\"3370\">\u2022 brak ucisku i swoboda dla palc\u00f3w<\/p>\n<p data-start=\"3372\" data-end=\"3399\">\u2022 lekkie buty na co dzie\u0144<\/p>\n<p data-start=\"3401\" data-end=\"3445\">\u2022 model idealny do pracy, miasta i podr\u00f3\u017cy<\/p>\n<p data-start=\"3447\" data-end=\"3496\">\u2022 barefoot, kt\u00f3ry wygl\u0105da subtelnie i luksusowo<\/p>\n<hr data-start=\"3498\" data-end=\"3501\" \/>\n<h2 data-section-id=\"3sdnbd\" data-start=\"3503\" data-end=\"3524\">Szczeg\u00f3\u0142y produktu<\/h2>\n<p data-start=\"3526\" data-end=\"3851\">Cholewka: sk\u00f3ra naturalna \u2013 welur (be\u017cowy) + sk\u00f3ra licowa (ecru)<br data-start=\"3590\" data-end=\"3593\" \/>Dodatki: sk\u00f3ra naturalna \u2013 z\u0142ota (paski, pi\u0119ta, naszywka na j\u0119zyku)<br data-start=\"3660\" data-end=\"3663\" \/>Wn\u0119trze: sk\u00f3ra naturalna<br data-start=\"3687\" data-end=\"3690\" \/>Podeszwa: cienka, elastyczna podeszwa barefoot \u2013 karmelowa<br data-start=\"3748\" data-end=\"3751\" \/>Drop: 0 mm<br data-start=\"3761\" data-end=\"3764\" \/>Toe box: szeroki, anatomiczny<br data-start=\"3793\" data-end=\"3796\" \/>Wk\u0142adka: wyjmowana<br data-start=\"3814\" data-end=\"3817\" \/>Produkcja: Polska<br data-start=\"3834\" data-end=\"3837\" \/>Marka: Apavo<\/p>\n","protected":false},"excerpt":{"rendered":"<p data-start=\"357\" data-end=\"413\">Subtelna elegancja i naturalna wygoda w jednym modelu.<\/p>\n<p data-start=\"415\" data-end=\"542\">Livia w po\u0142\u0105czeniu be\u017cowego weluru, ecru sk\u00f3ry licowej i z\u0142otych detali to sneakersy barefoot w najbardziej kobiecym wydaniu.<\/p>\n<p data-start=\"544\" data-end=\"613\">\ud83d\udc49 Lekko\u015b\u0107, przestrze\u0144 dla stopy i styl, kt\u00f3ry pasuje do wszystkiego.<\/p>\n","protected":false},"featured_media":7845,"comment_status":"open","ping_status":"closed","template":"","meta":{"ocean_post_layout":"","ocean_both_sidebars_style":"","ocean_both_sidebars_content_width":0,"ocean_both_sidebars_sidebars_width":0,"ocean_sidebar":"0","ocean_second_sidebar":"0","ocean_disable_margins":"enable","ocean_add_body_class":"","ocean_shortcode_before_top_bar":"","ocean_shortcode_after_top_bar":"","ocean_shortcode_before_header":"","ocean_shortcode_after_header":"","ocean_has_shortcode":"","ocean_shortcode_after_title":"","ocean_shortcode_before_footer_widgets":"","ocean_shortcode_after_footer_widgets":"","ocean_shortcode_before_footer_bottom":"","ocean_shortcode_after_footer_bottom":"","ocean_display_top_bar":"default","ocean_display_header":"default","ocean_header_style":"","ocean_center_header_left_menu":"0","ocean_custom_header_template":"0","ocean_custom_logo":0,"ocean_custom_retina_logo":0,"ocean_custom_logo_max_width":0,"ocean_custom_logo_tablet_max_width":0,"ocean_custom_logo_mobile_max_width":0,"ocean_custom_logo_max_height":0,"ocean_custom_logo_tablet_max_height":0,"ocean_custom_logo_mobile_max_height":0,"ocean_header_custom_menu":"0","ocean_menu_typo_font_family":"0","ocean_menu_typo_font_subset":"","ocean_menu_typo_font_size":0,"ocean_menu_typo_font_size_tablet":0,"ocean_menu_typo_font_size_mobile":0,"ocean_menu_typo_font_size_unit":"px","ocean_menu_typo_font_weight":"","ocean_menu_typo_font_weight_tablet":"","ocean_menu_typo_font_weight_mobile":"","ocean_menu_typo_transform":"","ocean_menu_typo_transform_tablet":"","ocean_menu_typo_transform_mobile":"","ocean_menu_typo_line_height":0,"ocean_menu_typo_line_height_tablet":0,"ocean_menu_typo_line_height_mobile":0,"ocean_menu_typo_line_height_unit":"","ocean_menu_typo_spacing":0,"ocean_menu_typo_spacing_tablet":0,"ocean_menu_typo_spacing_mobile":0,"ocean_menu_typo_spacing_unit":"","ocean_menu_link_color":"","ocean_menu_link_color_hover":"","ocean_menu_link_color_active":"","ocean_menu_link_background":"","ocean_menu_link_hover_background":"","ocean_menu_link_active_background":"","ocean_menu_social_links_bg":"","ocean_menu_social_hover_links_bg":"","ocean_menu_social_links_color":"","ocean_menu_social_hover_links_color":"","ocean_disable_title":"default","ocean_disable_heading":"default","ocean_post_title":"","ocean_post_subheading":"","ocean_post_title_style":"","ocean_post_title_background_color":"","ocean_post_title_background":0,"ocean_post_title_bg_image_position":"","ocean_post_title_bg_image_attachment":"","ocean_post_title_bg_image_repeat":"","ocean_post_title_bg_image_size":"","ocean_post_title_height":0,"ocean_post_title_bg_overlay":0.5,"ocean_post_title_bg_overlay_color":"","ocean_disable_breadcrumbs":"default","ocean_breadcrumbs_color":"","ocean_breadcrumbs_separator_color":"","ocean_breadcrumbs_links_color":"","ocean_breadcrumbs_links_hover_color":"","ocean_display_footer_widgets":"default","ocean_display_footer_bottom":"default","ocean_custom_footer_template":"0"},"product_brand":[],"product_cat":[92,79],"product_tag":[],"class_list":{"0":"post-7836","1":"product","2":"type-product","3":"status-publish","4":"has-post-thumbnail","6":"product_cat-apavo-komfort","7":"product_cat-sample-sale","9":"entry","10":"has-media","12":"first","13":"instock","14":"sale","15":"shipping-taxable","16":"purchasable","17":"product-type-variable","18":"wvs-archive-product-wrapper","19":"has-product-nav","20":"col","21":"span_1_of_3","22":"owp-content-center","23":"owp-thumbs-layout-horizontal","24":"owp-btn-normal","25":"owp-tabs-layout-vertical"},"yoast_head":"<!-- This site is optimized with the Yoast SEO plugin v27.4 - https:\/\/yoast.com\/product\/yoast-seo-wordpress\/ -->\n<title>P\u00f3\u0142buty barefoot damskie Livia \u2013 be\u017cowy welur, ecru sk\u00f3ra licowa i z\u0142ote dodatki | Apavo Komfort - APAVO BAREFOOT<\/title>\n<meta name=\"description\" content=\"Be\u017cowe p\u00f3\u0142buty barefoot damskie Livia z weluru i sk\u00f3ry licowej ecru ze z\u0142otymi dodatkami. Naturalny komfort, szeroki toe box i elegancki styl.\" \/>\n<meta name=\"robots\" content=\"index, follow, max-snippet:-1, max-image-preview:large, max-video-preview:-1\" \/>\n<link rel=\"canonical\" href=\"https:\/\/apavoshoes.com\/en\/produkt\/polbuty-barefoot-damskie-livia-bezowy-welur-ecru-skora-licowa-i-zlote-dodatki-apavo-komfort\/\" \/>\n<meta property=\"og:locale\" content=\"en_US\" \/>\n<meta property=\"og:type\" content=\"article\" \/>\n<meta property=\"og:title\" content=\"P\u00f3\u0142buty barefoot damskie Livia \u2013 be\u017cowy welur, ecru sk\u00f3ra licowa i z\u0142ote dodatki | Apavo Komfort - APAVO BAREFOOT\" \/>\n<meta property=\"og:description\" content=\"Be\u017cowe p\u00f3\u0142buty barefoot damskie Livia z weluru i sk\u00f3ry licowej ecru ze z\u0142otymi dodatkami. Naturalny komfort, szeroki toe box i elegancki styl.\" \/>\n<meta property=\"og:url\" content=\"https:\/\/apavoshoes.com\/en\/produkt\/polbuty-barefoot-damskie-livia-bezowy-welur-ecru-skora-licowa-i-zlote-dodatki-apavo-komfort\/\" \/>\n<meta property=\"og:site_name\" content=\"APAVO BAREFOOT\" \/>\n<meta property=\"article:modified_time\" content=\"2026-04-26T21:00:52+00:00\" \/>\n<meta name=\"twitter:card\" content=\"summary_large_image\" \/>\n<meta name=\"twitter:label1\" content=\"Est. reading time\" \/>\n\t<meta name=\"twitter:data1\" content=\"3 minutes\" \/>\n<script type=\"application\/ld+json\" class=\"yoast-schema-graph\">{\"@context\":\"https:\\\/\\\/schema.org\",\"@graph\":[{\"@type\":\"WebPage\",\"@id\":\"https:\\\/\\\/apavoshoes.com\\\/en\\\/produkt\\\/polbuty-barefoot-damskie-livia-bezowy-welur-ecru-skora-licowa-i-zlote-dodatki-apavo-komfort\\\/\",\"url\":\"https:\\\/\\\/apavoshoes.com\\\/en\\\/produkt\\\/polbuty-barefoot-damskie-livia-bezowy-welur-ecru-skora-licowa-i-zlote-dodatki-apavo-komfort\\\/\",\"name\":\"P\u00f3\u0142buty barefoot damskie Livia \u2013 be\u017cowy welur, ecru sk\u00f3ra licowa i z\u0142ote dodatki | Apavo Komfort - APAVO BAREFOOT\",\"isPartOf\":{\"@id\":\"https:\\\/\\\/apavoshoes.com\\\/en\\\/#website\"},\"primaryImageOfPage\":{\"@id\":\"https:\\\/\\\/apavoshoes.com\\\/en\\\/produkt\\\/polbuty-barefoot-damskie-livia-bezowy-welur-ecru-skora-licowa-i-zlote-dodatki-apavo-komfort\\\/#primaryimage\"},\"image\":{\"@id\":\"https:\\\/\\\/apavoshoes.com\\\/en\\\/produkt\\\/polbuty-barefoot-damskie-livia-bezowy-welur-ecru-skora-licowa-i-zlote-dodatki-apavo-komfort\\\/#primaryimage\"},\"thumbnailUrl\":\"https:\\\/\\\/apavoshoes.com\\\/wp-content\\\/uploads\\\/2026\\\/04\\\/IMG_1783-1-scaled.jpg\",\"datePublished\":\"2026-04-26T20:38:25+00:00\",\"dateModified\":\"2026-04-26T21:00:52+00:00\",\"description\":\"Be\u017cowe p\u00f3\u0142buty barefoot damskie Livia z weluru i sk\u00f3ry licowej ecru ze z\u0142otymi dodatkami. Naturalny komfort, szeroki toe box i elegancki styl.\",\"breadcrumb\":{\"@id\":\"https:\\\/\\\/apavoshoes.com\\\/en\\\/produkt\\\/polbuty-barefoot-damskie-livia-bezowy-welur-ecru-skora-licowa-i-zlote-dodatki-apavo-komfort\\\/#breadcrumb\"},\"inLanguage\":\"en-US\",\"potentialAction\":[{\"@type\":\"ReadAction\",\"target\":[\"https:\\\/\\\/apavoshoes.com\\\/en\\\/produkt\\\/polbuty-barefoot-damskie-livia-bezowy-welur-ecru-skora-licowa-i-zlote-dodatki-apavo-komfort\\\/\"]}]},{\"@type\":\"ImageObject\",\"inLanguage\":\"en-US\",\"@id\":\"https:\\\/\\\/apavoshoes.com\\\/en\\\/produkt\\\/polbuty-barefoot-damskie-livia-bezowy-welur-ecru-skora-licowa-i-zlote-dodatki-apavo-komfort\\\/#primaryimage\",\"url\":\"https:\\\/\\\/apavoshoes.com\\\/wp-content\\\/uploads\\\/2026\\\/04\\\/IMG_1783-1-scaled.jpg\",\"contentUrl\":\"https:\\\/\\\/apavoshoes.com\\\/wp-content\\\/uploads\\\/2026\\\/04\\\/IMG_1783-1-scaled.jpg\",\"width\":2048,\"height\":2560},{\"@type\":\"BreadcrumbList\",\"@id\":\"https:\\\/\\\/apavoshoes.com\\\/en\\\/produkt\\\/polbuty-barefoot-damskie-livia-bezowy-welur-ecru-skora-licowa-i-zlote-dodatki-apavo-komfort\\\/#breadcrumb\",\"itemListElement\":[{\"@type\":\"ListItem\",\"position\":1,\"name\":\"Strona g\u0142\u00f3wna\",\"item\":\"https:\\\/\\\/apavoshoes.com\\\/en\\\/\"},{\"@type\":\"ListItem\",\"position\":2,\"name\":\"Shop\",\"item\":\"https:\\\/\\\/apavoshoes.com\\\/en\\\/shop\\\/\"},{\"@type\":\"ListItem\",\"position\":3,\"name\":\"P\u00f3\u0142buty barefoot damskie Livia \u2013 be\u017cowy welur, ecru sk\u00f3ra licowa i z\u0142ote dodatki | Apavo Komfort\"}]},{\"@type\":\"WebSite\",\"@id\":\"https:\\\/\\\/apavoshoes.com\\\/en\\\/#website\",\"url\":\"https:\\\/\\\/apavoshoes.com\\\/en\\\/\",\"name\":\"APAVO BAREFOOT\",\"description\":\"\",\"publisher\":{\"@id\":\"https:\\\/\\\/apavoshoes.com\\\/en\\\/#organization\"},\"potentialAction\":[{\"@type\":\"SearchAction\",\"target\":{\"@type\":\"EntryPoint\",\"urlTemplate\":\"https:\\\/\\\/apavoshoes.com\\\/en\\\/?s={search_term_string}\"},\"query-input\":{\"@type\":\"PropertyValueSpecification\",\"valueRequired\":true,\"valueName\":\"search_term_string\"}}],\"inLanguage\":\"en-US\"},{\"@type\":\"Organization\",\"@id\":\"https:\\\/\\\/apavoshoes.com\\\/en\\\/#organization\",\"name\":\"APAVO BAREFOOT\",\"url\":\"https:\\\/\\\/apavoshoes.com\\\/en\\\/\",\"logo\":{\"@type\":\"ImageObject\",\"inLanguage\":\"en-US\",\"@id\":\"https:\\\/\\\/apavoshoes.com\\\/en\\\/#\\\/schema\\\/logo\\\/image\\\/\",\"url\":\"https:\\\/\\\/apavoshoes.com\\\/wp-content\\\/uploads\\\/2021\\\/10\\\/cropped-logo-twoje.png\",\"contentUrl\":\"https:\\\/\\\/apavoshoes.com\\\/wp-content\\\/uploads\\\/2021\\\/10\\\/cropped-logo-twoje.png\",\"width\":225,\"height\":53,\"caption\":\"APAVO BAREFOOT\"},\"image\":{\"@id\":\"https:\\\/\\\/apavoshoes.com\\\/en\\\/#\\\/schema\\\/logo\\\/image\\\/\"}}]}<\/script>\n<!-- \/ Yoast SEO plugin. -->","yoast_head_json":{"title":"P\u00f3\u0142buty barefoot damskie Livia \u2013 be\u017cowy welur, ecru sk\u00f3ra licowa i z\u0142ote dodatki | Apavo Komfort - APAVO BAREFOOT","description":"Be\u017cowe p\u00f3\u0142buty barefoot damskie Livia z weluru i sk\u00f3ry licowej ecru ze z\u0142otymi dodatkami. Naturalny komfort, szeroki toe box i elegancki styl.","robots":{"index":"index","follow":"follow","max-snippet":"max-snippet:-1","max-image-preview":"max-image-preview:large","max-video-preview":"max-video-preview:-1"},"canonical":"https:\/\/apavoshoes.com\/en\/produkt\/polbuty-barefoot-damskie-livia-bezowy-welur-ecru-skora-licowa-i-zlote-dodatki-apavo-komfort\/","og_locale":"en_US","og_type":"article","og_title":"P\u00f3\u0142buty barefoot damskie Livia \u2013 be\u017cowy welur, ecru sk\u00f3ra licowa i z\u0142ote dodatki | Apavo Komfort - APAVO BAREFOOT","og_description":"Be\u017cowe p\u00f3\u0142buty barefoot damskie Livia z weluru i sk\u00f3ry licowej ecru ze z\u0142otymi dodatkami. Naturalny komfort, szeroki toe box i elegancki styl.","og_url":"https:\/\/apavoshoes.com\/en\/produkt\/polbuty-barefoot-damskie-livia-bezowy-welur-ecru-skora-licowa-i-zlote-dodatki-apavo-komfort\/","og_site_name":"APAVO BAREFOOT","article_modified_time":"2026-04-26T21:00:52+00:00","twitter_card":"summary_large_image","twitter_misc":{"Est. reading time":"3 minutes"},"schema":{"@context":"https:\/\/schema.org","@graph":[{"@type":"WebPage","@id":"https:\/\/apavoshoes.com\/en\/produkt\/polbuty-barefoot-damskie-livia-bezowy-welur-ecru-skora-licowa-i-zlote-dodatki-apavo-komfort\/","url":"https:\/\/apavoshoes.com\/en\/produkt\/polbuty-barefoot-damskie-livia-bezowy-welur-ecru-skora-licowa-i-zlote-dodatki-apavo-komfort\/","name":"P\u00f3\u0142buty barefoot damskie Livia \u2013 be\u017cowy welur, ecru sk\u00f3ra licowa i z\u0142ote dodatki | Apavo Komfort - APAVO BAREFOOT","isPartOf":{"@id":"https:\/\/apavoshoes.com\/en\/#website"},"primaryImageOfPage":{"@id":"https:\/\/apavoshoes.com\/en\/produkt\/polbuty-barefoot-damskie-livia-bezowy-welur-ecru-skora-licowa-i-zlote-dodatki-apavo-komfort\/#primaryimage"},"image":{"@id":"https:\/\/apavoshoes.com\/en\/produkt\/polbuty-barefoot-damskie-livia-bezowy-welur-ecru-skora-licowa-i-zlote-dodatki-apavo-komfort\/#primaryimage"},"thumbnailUrl":"https:\/\/apavoshoes.com\/wp-content\/uploads\/2026\/04\/IMG_1783-1-scaled.jpg","datePublished":"2026-04-26T20:38:25+00:00","dateModified":"2026-04-26T21:00:52+00:00","description":"Be\u017cowe p\u00f3\u0142buty barefoot damskie Livia z weluru i sk\u00f3ry licowej ecru ze z\u0142otymi dodatkami. Naturalny komfort, szeroki toe box i elegancki styl.","breadcrumb":{"@id":"https:\/\/apavoshoes.com\/en\/produkt\/polbuty-barefoot-damskie-livia-bezowy-welur-ecru-skora-licowa-i-zlote-dodatki-apavo-komfort\/#breadcrumb"},"inLanguage":"en-US","potentialAction":[{"@type":"ReadAction","target":["https:\/\/apavoshoes.com\/en\/produkt\/polbuty-barefoot-damskie-livia-bezowy-welur-ecru-skora-licowa-i-zlote-dodatki-apavo-komfort\/"]}]},{"@type":"ImageObject","inLanguage":"en-US","@id":"https:\/\/apavoshoes.com\/en\/produkt\/polbuty-barefoot-damskie-livia-bezowy-welur-ecru-skora-licowa-i-zlote-dodatki-apavo-komfort\/#primaryimage","url":"https:\/\/apavoshoes.com\/wp-content\/uploads\/2026\/04\/IMG_1783-1-scaled.jpg","contentUrl":"https:\/\/apavoshoes.com\/wp-content\/uploads\/2026\/04\/IMG_1783-1-scaled.jpg","width":2048,"height":2560},{"@type":"BreadcrumbList","@id":"https:\/\/apavoshoes.com\/en\/produkt\/polbuty-barefoot-damskie-livia-bezowy-welur-ecru-skora-licowa-i-zlote-dodatki-apavo-komfort\/#breadcrumb","itemListElement":[{"@type":"ListItem","position":1,"name":"Strona g\u0142\u00f3wna","item":"https:\/\/apavoshoes.com\/en\/"},{"@type":"ListItem","position":2,"name":"Shop","item":"https:\/\/apavoshoes.com\/en\/shop\/"},{"@type":"ListItem","position":3,"name":"P\u00f3\u0142buty barefoot damskie Livia \u2013 be\u017cowy welur, ecru sk\u00f3ra licowa i z\u0142ote dodatki | Apavo Komfort"}]},{"@type":"WebSite","@id":"https:\/\/apavoshoes.com\/en\/#website","url":"https:\/\/apavoshoes.com\/en\/","name":"APAVO BAREFOOT","description":"","publisher":{"@id":"https:\/\/apavoshoes.com\/en\/#organization"},"potentialAction":[{"@type":"SearchAction","target":{"@type":"EntryPoint","urlTemplate":"https:\/\/apavoshoes.com\/en\/?s={search_term_string}"},"query-input":{"@type":"PropertyValueSpecification","valueRequired":true,"valueName":"search_term_string"}}],"inLanguage":"en-US"},{"@type":"Organization","@id":"https:\/\/apavoshoes.com\/en\/#organization","name":"APAVO BAREFOOT","url":"https:\/\/apavoshoes.com\/en\/","logo":{"@type":"ImageObject","inLanguage":"en-US","@id":"https:\/\/apavoshoes.com\/en\/#\/schema\/logo\/image\/","url":"https:\/\/apavoshoes.com\/wp-content\/uploads\/2021\/10\/cropped-logo-twoje.png","contentUrl":"https:\/\/apavoshoes.com\/wp-content\/uploads\/2021\/10\/cropped-logo-twoje.png","width":225,"height":53,"caption":"APAVO BAREFOOT"},"image":{"@id":"https:\/\/apavoshoes.com\/en\/#\/schema\/logo\/image\/"}}]}},"_links":{"self":[{"href":"https:\/\/apavoshoes.com\/en\/wp-json\/wp\/v2\/product\/7836","targetHints":{"allow":["GET"]}}],"collection":[{"href":"https:\/\/apavoshoes.com\/en\/wp-json\/wp\/v2\/product"}],"about":[{"href":"https:\/\/apavoshoes.com\/en\/wp-json\/wp\/v2\/types\/product"}],"replies":[{"embeddable":true,"href":"https:\/\/apavoshoes.com\/en\/wp-json\/wp\/v2\/comments?post=7836"}],"wp:featuredmedia":[{"embeddable":true,"href":"https:\/\/apavoshoes.com\/en\/wp-json\/wp\/v2\/media\/7845"}],"wp:attachment":[{"href":"https:\/\/apavoshoes.com\/en\/wp-json\/wp\/v2\/media?parent=7836"}],"wp:term":[{"taxonomy":"product_brand","embeddable":true,"href":"https:\/\/apavoshoes.com\/en\/wp-json\/wp\/v2\/product_brand?post=7836"},{"taxonomy":"product_cat","embeddable":true,"href":"https:\/\/apavoshoes.com\/en\/wp-json\/wp\/v2\/product_cat?post=7836"},{"taxonomy":"product_tag","embeddable":true,"href":"https:\/\/apavoshoes.com\/en\/wp-json\/wp\/v2\/product_tag?post=7836"}],"curies":[{"name":"wp","href":"https:\/\/api.w.org\/{rel}","templated":true}]}}